{"id":1002,"date":"2020-09-22T02:55:25","date_gmt":"2020-09-22T02:55:25","guid":{"rendered":"http:\/\/wpdemo.archiwp.com\/maxbizz\/?page_id=1002"},"modified":"2022-12-23T05:01:32","modified_gmt":"2022-12-23T04:01:32","slug":"finance-planning","status":"publish","type":"page","link":"https:\/\/ecg-expertise.com\/?page_id=1002","title":{"rendered":"AUDIT ET COMMISSARIAT AUX COMPTES"},"content":{"rendered":"\t\t<div data-elementor-type=\"wp-page\" data-elementor-id=\"1002\" class=\"elementor elementor-1002\">\n\t\t\t\t\t\t\t\t\t<section class=\"elementor-section elementor-top-section elementor-element elementor-element-5d14b2ec elementor-section-height-min-height elementor-section-content-middle elementor-section-boxed elementor-section-height-default elementor-section-items-middle\" data-id=\"5d14b2ec\" data-element_type=\"section\">\n\t\t\t\t\t\t<div class=\"elementor-container elementor-column-gap-no\">\n\t\t\t\t\t<div class=\"elementor-column elementor-col-33 elementor-top-column elementor-element elementor-element-57934682 ot-flex-column-vertical\" data-id=\"57934682\" data-element_type=\"column\">\n\t\t\t<div class=\"elementor-widget-wrap elementor-element-populated\">\n\t\t\t\t\t\t\t\t<div class=\"elementor-element elementor-element-82cda08 elementor-widget elementor-widget-text-editor\" data-id=\"82cda08\" data-element_type=\"widget\" data-widget_type=\"text-editor.default\">\n\t\t\t\t<div class=\"elementor-widget-container\">\n\t\t\t<style>\/*! elementor - v3.9.2 - 21-12-2022 *\/\n.elementor-widget-text-editor.elementor-drop-cap-view-stacked .elementor-drop-cap{background-color:#818a91;color:#fff}.elementor-widget-text-editor.elementor-drop-cap-view-framed .elementor-drop-cap{color:#818a91;border:3px solid;background-color:transparent}.elementor-widget-text-editor:not(.elementor-drop-cap-view-default) .elementor-drop-cap{margin-top:8px}.elementor-widget-text-editor:not(.elementor-drop-cap-view-default) .elementor-drop-cap-letter{width:1em;height:1em}.elementor-widget-text-editor .elementor-drop-cap{float:left;text-align:center;line-height:1;font-size:50px}.elementor-widget-text-editor .elementor-drop-cap-letter{display:inline-block}<\/style>\t\t\t\t<ul><li>Audit financier et commissariats aux comptes ;<\/li><li><span style=\"font-style: inherit; font-weight: inherit;\">Analyse des proc\u00e9dures et du dispositif du contr\u00f4le interne ;<\/span><\/li><li><span style=\"font-style: inherit; font-weight: inherit;\">Audit de performance ;<\/span><\/li><li><span style=\"font-style: inherit; font-weight: inherit;\">Audit de la tr\u00e9sorerie ;<\/span><\/li><li><span style=\"font-style: inherit; font-weight: inherit;\">Audit des ressources humaines ;<\/span><\/li><li><span style=\"font-style: inherit; font-weight: inherit;\">Audit strat\u00e9gique ;<\/span><\/li><li><span style=\"font-style: inherit; font-weight: inherit;\">Audit de projets ;<\/span><\/li><li><a style=\"font-style: inherit; font-weight: var( --e-global-typography-text-font-weight );\" href=\"http:\/\/investigations%20%3B\/\"><span style=\"font-style: inherit; font-weight: inherit;\">Audit de projets ;<\/span><\/a><\/li><\/ul>\t\t\t\t\t\t<\/div>\n\t\t\t\t<\/div>\n\t\t\t\t\t<\/div>\n\t\t<\/div>\n\t\t\t\t<div class=\"elementor-column elementor-col-33 elementor-top-column elementor-element elementor-element-735c43da ot-flex-column-vertical\" data-id=\"735c43da\" data-element_type=\"column\">\n\t\t\t<div class=\"elementor-widget-wrap elementor-element-populated\">\n\t\t\t\t\t\t\t\t<div class=\"elementor-element elementor-element-7f2bc5ff elementor-widget__width-initial elementor-widget-tablet__width-initial elementor-widget-mobile__width-initial elementor-invisible elementor-widget elementor-widget-image\" data-id=\"7f2bc5ff\" data-element_type=\"widget\" data-settings=\"{&quot;_animation&quot;:&quot;fadeInRight&quot;}\" data-widget_type=\"image.default\">\n\t\t\t\t<div class=\"elementor-widget-container\">\n\t\t\t<style>\/*! elementor - v3.9.2 - 21-12-2022 *\/\n.elementor-widget-image{text-align:center}.elementor-widget-image a{display:inline-block}.elementor-widget-image a img[src$=\".svg\"]{width:48px}.elementor-widget-image img{vertical-align:middle;display:inline-block}<\/style>\t\t\t\t\t\t\t\t\t\t\t\t<img loading=\"lazy\" decoding=\"async\" width=\"2000\" height=\"1000\" src=\"https:\/\/ecg-expertise.com\/wp-content\/uploads\/2022\/12\/audit-1.jpg\" class=\"attachment-full size-full wp-image-2354\" alt=\"\" srcset=\"https:\/\/ecg-expertise.com\/wp-content\/uploads\/2022\/12\/audit-1.jpg 2000w, https:\/\/ecg-expertise.com\/wp-content\/uploads\/2022\/12\/audit-1-300x150.jpg 300w, https:\/\/ecg-expertise.com\/wp-content\/uploads\/2022\/12\/audit-1-1024x512.jpg 1024w, https:\/\/ecg-expertise.com\/wp-content\/uploads\/2022\/12\/audit-1-768x384.jpg 768w, https:\/\/ecg-expertise.com\/wp-content\/uploads\/2022\/12\/audit-1-1536x768.jpg 1536w, https:\/\/ecg-expertise.com\/wp-content\/uploads\/2022\/12\/audit-1-1200x600.jpg 1200w\" sizes=\"auto, (max-width: 2000px) 100vw, 2000px\" \/>\t\t\t\t\t\t\t\t\t\t\t\t\t\t\t<\/div>\n\t\t\t\t<\/div>\n\t\t\t\t<div class=\"elementor-element elementor-element-2e5f0df0 elementor-widget__width-auto elementor-absolute animated-slow elementor-view-default elementor-invisible elementor-widget elementor-widget-icon\" data-id=\"2e5f0df0\" data-element_type=\"widget\" data-settings=\"{&quot;_position&quot;:&quot;absolute&quot;,&quot;_animation&quot;:&quot;fadeIn&quot;,&quot;_animation_delay&quot;:500,&quot;motion_fx_motion_fx_scrolling&quot;:&quot;yes&quot;,&quot;motion_fx_translateX_effect&quot;:&quot;yes&quot;,&quot;motion_fx_translateX_direction&quot;:&quot;negative&quot;,&quot;motion_fx_translateX_speed&quot;:{&quot;unit&quot;:&quot;px&quot;,&quot;size&quot;:2,&quot;sizes&quot;:[]},&quot;motion_fx_translateX_affectedRange&quot;:{&quot;unit&quot;:&quot;%&quot;,&quot;size&quot;:&quot;&quot;,&quot;sizes&quot;:{&quot;start&quot;:50,&quot;end&quot;:100}},&quot;motion_fx_devices&quot;:[&quot;desktop&quot;,&quot;tablet&quot;,&quot;mobile&quot;]}\" data-widget_type=\"icon.default\">\n\t\t\t\t<div class=\"elementor-widget-container\">\n\t\t\t\t\t<div class=\"elementor-icon-wrapper\">\n\t\t\t<div class=\"elementor-icon\">\n\t\t\t<svg xmlns=\"http:\/\/www.w3.org\/2000\/svg\" id=\"afb6f239-ddfa-4317-a8c2-6e12c8554240\" data-name=\"Layer 1\" width=\"165.953\" height=\"115.814\" viewBox=\"0 0 165.953 115.814\"><circle cx=\"1.5\" cy=\"1.5\" r=\"1.5\"><\/circle><circle cx=\"1.5\" cy=\"14.0352\" r=\"1.5\"><\/circle><circle cx=\"1.5\" cy=\"26.5684\" r=\"1.5\"><\/circle><circle cx=\"1.5\" cy=\"39.1035\" r=\"1.5\"><\/circle><circle cx=\"1.5\" cy=\"51.6406\" r=\"1.5\"><\/circle><circle cx=\"1.5\" cy=\"64.1758\" r=\"1.5\"><\/circle><circle cx=\"1.5\" cy=\"76.709\" r=\"1.5\"><\/circle><circle cx=\"1.5\" cy=\"89.2441\" r=\"1.5\"><\/circle><circle cx=\"1.5\" cy=\"101.779\" r=\"1.5\"><\/circle><circle cx=\"1.5\" cy=\"114.314\" r=\"1.5\"><\/circle><circle cx=\"14.0312\" cy=\"1.5\" r=\"1.5\"><\/circle><circle cx=\"14.0312\" cy=\"14.0352\" r=\"1.5\"><\/circle><circle cx=\"14.0312\" cy=\"26.5684\" r=\"1.5\"><\/circle><circle cx=\"14.0312\" cy=\"39.1035\" r=\"1.5\"><\/circle><circle cx=\"14.0312\" cy=\"51.6406\" r=\"1.5\"><\/circle><circle cx=\"14.0312\" cy=\"64.1758\" r=\"1.5\"><\/circle><circle cx=\"14.0312\" cy=\"76.709\" r=\"1.5\"><\/circle><circle cx=\"14.0312\" cy=\"89.2441\" r=\"1.5\"><\/circle><circle cx=\"14.0312\" cy=\"101.779\" r=\"1.5\"><\/circle><circle cx=\"14.0312\" cy=\"114.314\" r=\"1.5\"><\/circle><circle cx=\"26.5664\" cy=\"1.5\" r=\"1.5\"><\/circle><circle cx=\"26.5664\" cy=\"14.0352\" r=\"1.5\"><\/circle><circle cx=\"26.5664\" cy=\"26.5684\" r=\"1.5\"><\/circle><circle cx=\"26.5664\" cy=\"39.1035\" r=\"1.5\"><\/circle><circle cx=\"26.5664\" cy=\"51.6406\" r=\"1.5\"><\/circle><circle cx=\"26.5664\" cy=\"64.1758\" r=\"1.5\"><\/circle><circle cx=\"26.5664\" cy=\"76.709\" r=\"1.5\"><\/circle><circle cx=\"26.5664\" cy=\"89.2441\" r=\"1.5\"><\/circle><circle cx=\"26.5664\" cy=\"101.779\" r=\"1.5\"><\/circle><circle cx=\"26.5664\" cy=\"114.314\" r=\"1.5\"><\/circle><circle cx=\"39.1016\" cy=\"1.5\" r=\"1.5\"><\/circle><circle cx=\"39.1016\" cy=\"14.0352\" r=\"1.5\"><\/circle><circle cx=\"39.1016\" cy=\"26.5684\" r=\"1.5\"><\/circle><circle cx=\"39.1016\" cy=\"39.1035\" r=\"1.5\"><\/circle><circle cx=\"39.1016\" cy=\"51.6406\" r=\"1.5\"><\/circle><circle cx=\"39.1016\" cy=\"64.1758\" r=\"1.5\"><\/circle><circle cx=\"39.1016\" cy=\"76.709\" r=\"1.5\"><\/circle><circle cx=\"39.1016\" cy=\"89.2441\" r=\"1.5\"><\/circle><circle cx=\"39.1016\" cy=\"101.779\" r=\"1.5\"><\/circle><circle cx=\"39.1016\" cy=\"114.314\" r=\"1.5\"><\/circle><circle cx=\"51.6367\" cy=\"1.5\" r=\"1.5\"><\/circle><circle cx=\"51.6367\" cy=\"14.0352\" r=\"1.5\"><\/circle><circle cx=\"51.6367\" cy=\"26.5684\" r=\"1.5\"><\/circle><circle cx=\"51.6367\" cy=\"39.1035\" r=\"1.5\"><\/circle><circle cx=\"51.6367\" cy=\"51.6406\" r=\"1.5\"><\/circle><circle cx=\"51.6367\" cy=\"64.1758\" r=\"1.5\"><\/circle><circle cx=\"51.6367\" cy=\"76.709\" r=\"1.5\"><\/circle><circle cx=\"51.6367\" cy=\"89.2441\" r=\"1.5\"><\/circle><circle cx=\"51.6367\" cy=\"101.779\" r=\"1.5\"><\/circle><circle cx=\"51.6367\" cy=\"114.314\" r=\"1.5\"><\/circle><circle cx=\"64.1719\" cy=\"1.5\" r=\"1.5\"><\/circle><circle cx=\"64.1719\" cy=\"14.0352\" r=\"1.5\"><\/circle><circle cx=\"64.1719\" cy=\"26.5684\" r=\"1.5\"><\/circle><circle cx=\"64.1719\" cy=\"39.1035\" r=\"1.5\"><\/circle><circle cx=\"64.1719\" cy=\"51.6406\" r=\"1.5\"><\/circle><circle cx=\"64.1719\" cy=\"64.1758\" r=\"1.5\"><\/circle><circle cx=\"64.1719\" cy=\"76.709\" r=\"1.5\"><\/circle><circle cx=\"64.1719\" cy=\"89.2441\" r=\"1.5\"><\/circle><circle cx=\"64.1719\" cy=\"101.779\" r=\"1.5\"><\/circle><circle cx=\"64.1719\" cy=\"114.314\" r=\"1.5\"><\/circle><circle cx=\"76.707\" cy=\"1.5\" r=\"1.5\"><\/circle><circle cx=\"76.707\" cy=\"14.0352\" r=\"1.5\"><\/circle><circle cx=\"76.707\" cy=\"26.5684\" r=\"1.5\"><\/circle><circle cx=\"76.707\" cy=\"39.1035\" r=\"1.5\"><\/circle><circle cx=\"76.707\" cy=\"51.6406\" r=\"1.5\"><\/circle><circle cx=\"76.707\" cy=\"64.1758\" r=\"1.5\"><\/circle><circle cx=\"76.707\" cy=\"76.709\" r=\"1.5\"><\/circle><circle cx=\"76.707\" cy=\"89.2441\" r=\"1.5\"><\/circle><circle cx=\"76.707\" cy=\"101.779\" r=\"1.5\"><\/circle><circle cx=\"76.707\" cy=\"114.314\" r=\"1.5\"><\/circle><circle cx=\"89.2461\" cy=\"1.5\" r=\"1.5\"><\/circle><circle cx=\"89.2461\" cy=\"14.0352\" r=\"1.5\"><\/circle><circle cx=\"89.2461\" cy=\"26.5684\" r=\"1.5\"><\/circle><circle cx=\"89.2461\" cy=\"39.1035\" r=\"1.5\"><\/circle><circle cx=\"89.2461\" cy=\"51.6406\" r=\"1.5\"><\/circle><circle cx=\"89.2461\" cy=\"64.1758\" r=\"1.5\"><\/circle><circle cx=\"89.2461\" cy=\"76.709\" r=\"1.5\"><\/circle><circle cx=\"89.2461\" cy=\"89.2441\" r=\"1.5\"><\/circle><circle cx=\"89.2461\" cy=\"101.779\" r=\"1.5\"><\/circle><circle cx=\"89.2461\" cy=\"114.314\" r=\"1.5\"><\/circle><circle cx=\"101.777\" cy=\"1.5\" r=\"1.5\"><\/circle><circle cx=\"101.777\" cy=\"14.0352\" r=\"1.5\"><\/circle><circle cx=\"101.777\" cy=\"26.5684\" r=\"1.5\"><\/circle><circle cx=\"101.777\" cy=\"39.1035\" r=\"1.5\"><\/circle><circle cx=\"101.777\" cy=\"51.6406\" r=\"1.5\"><\/circle><circle cx=\"101.777\" cy=\"64.1758\" r=\"1.5\"><\/circle><circle cx=\"101.777\" cy=\"76.709\" r=\"1.5\"><\/circle><circle cx=\"101.777\" cy=\"89.2441\" r=\"1.5\"><\/circle><circle cx=\"101.777\" cy=\"101.779\" r=\"1.5\"><\/circle><circle cx=\"101.777\" cy=\"114.314\" r=\"1.5\"><\/circle><circle cx=\"114.312\" cy=\"1.5\" r=\"1.5\"><\/circle><circle cx=\"114.312\" cy=\"14.0352\" r=\"1.5\"><\/circle><circle cx=\"114.312\" cy=\"26.5684\" r=\"1.5\"><\/circle><circle cx=\"114.312\" cy=\"39.1035\" r=\"1.5\"><\/circle><circle cx=\"114.312\" cy=\"51.6406\" r=\"1.5\"><\/circle><circle cx=\"114.312\" cy=\"64.1758\" r=\"1.5\"><\/circle><circle cx=\"114.312\" cy=\"76.709\" r=\"1.5\"><\/circle><circle cx=\"114.312\" cy=\"89.2441\" r=\"1.5\"><\/circle><circle cx=\"114.312\" cy=\"101.779\" r=\"1.5\"><\/circle><circle cx=\"114.312\" cy=\"114.314\" r=\"1.5\"><\/circle><circle cx=\"126.848\" cy=\"1.5\" r=\"1.5\"><\/circle><circle cx=\"126.848\" cy=\"14.0352\" r=\"1.5\"><\/circle><circle cx=\"126.848\" cy=\"26.5684\" r=\"1.5\"><\/circle><circle cx=\"126.848\" cy=\"39.1035\" r=\"1.5\"><\/circle><circle cx=\"126.848\" cy=\"51.6406\" r=\"1.5\"><\/circle><circle cx=\"126.848\" cy=\"64.1758\" r=\"1.5\"><\/circle><circle cx=\"126.848\" cy=\"76.709\" r=\"1.5\"><\/circle><circle cx=\"126.848\" cy=\"89.2441\" r=\"1.5\"><\/circle><circle cx=\"126.848\" cy=\"101.779\" r=\"1.5\"><\/circle><circle cx=\"126.848\" cy=\"114.314\" r=\"1.5\"><\/circle><circle cx=\"139.383\" cy=\"1.5\" r=\"1.5\"><\/circle><circle cx=\"139.383\" cy=\"14.0352\" r=\"1.5\"><\/circle><circle cx=\"139.383\" cy=\"26.5684\" r=\"1.5\"><\/circle><circle cx=\"139.383\" cy=\"39.1035\" r=\"1.5\"><\/circle><circle cx=\"139.383\" cy=\"51.6406\" r=\"1.5\"><\/circle><circle cx=\"139.383\" cy=\"64.1758\" r=\"1.5\"><\/circle><circle cx=\"139.383\" cy=\"76.709\" r=\"1.5\"><\/circle><circle cx=\"139.383\" cy=\"89.2441\" r=\"1.5\"><\/circle><circle cx=\"139.383\" cy=\"101.779\" r=\"1.5\"><\/circle><circle cx=\"139.383\" cy=\"114.314\" r=\"1.5\"><\/circle><circle cx=\"151.918\" cy=\"1.5\" r=\"1.5\"><\/circle><circle cx=\"151.918\" cy=\"14.0352\" r=\"1.5\"><\/circle><circle cx=\"151.918\" cy=\"26.5684\" r=\"1.5\"><\/circle><circle cx=\"151.918\" cy=\"39.1035\" r=\"1.5\"><\/circle><circle cx=\"151.918\" cy=\"51.6406\" r=\"1.5\"><\/circle><circle cx=\"151.918\" cy=\"64.1758\" r=\"1.5\"><\/circle><circle cx=\"151.918\" cy=\"76.709\" r=\"1.5\"><\/circle><circle cx=\"151.918\" cy=\"89.2441\" r=\"1.5\"><\/circle><circle cx=\"151.918\" cy=\"101.779\" r=\"1.5\"><\/circle><circle cx=\"151.918\" cy=\"114.314\" r=\"1.5\"><\/circle><circle cx=\"164.453\" cy=\"1.5\" r=\"1.5\"><\/circle><circle cx=\"164.453\" cy=\"14.0352\" r=\"1.5\"><\/circle><circle cx=\"164.453\" cy=\"26.5684\" r=\"1.5\"><\/circle><circle cx=\"164.453\" cy=\"39.1035\" r=\"1.5\"><\/circle><circle cx=\"164.453\" cy=\"51.6406\" r=\"1.5\"><\/circle><circle cx=\"164.453\" cy=\"64.1758\" r=\"1.5\"><\/circle><circle cx=\"164.453\" cy=\"76.709\" r=\"1.5\"><\/circle><circle cx=\"164.453\" cy=\"89.2441\" r=\"1.5\"><\/circle><circle cx=\"164.453\" cy=\"101.779\" r=\"1.5\"><\/circle><circle cx=\"164.453\" cy=\"114.314\" r=\"1.5\"><\/circle><\/svg>\t\t\t<\/div>\n\t\t<\/div>\n\t\t\t\t<\/div>\n\t\t\t\t<\/div>\n\t\t\t\t\t<\/div>\n\t\t<\/div>\n\t\t\t\t<div class=\"elementor-column elementor-col-33 elementor-top-column elementor-element elementor-element-882a860 ot-flex-column-vertical\" data-id=\"882a860\" data-element_type=\"column\">\n\t\t\t<div class=\"elementor-widget-wrap elementor-element-populated\">\n\t\t\t\t\t\t\t\t<div class=\"elementor-element elementor-element-44a7e9d elementor-widget elementor-widget-text-editor\" data-id=\"44a7e9d\" data-element_type=\"widget\" data-widget_type=\"text-editor.default\">\n\t\t\t\t<div class=\"elementor-widget-container\">\n\t\t\t\t\t\t\t<h3>Aliou Sarr\u200b<\/h3>\t\t\t\t\t\t<\/div>\n\t\t\t\t<\/div>\n\t\t\t\t<div class=\"elementor-element elementor-element-99fc8fe elementor-widget elementor-widget-text-editor\" data-id=\"99fc8fe\" data-element_type=\"widget\" data-widget_type=\"text-editor.default\">\n\t\t\t\t<div class=\"elementor-widget-container\">\n\t\t\t\t\t\t\tChef De D\u00e9partement\u200b\t\t\t\t\t\t<\/div>\n\t\t\t\t<\/div>\n\t\t\t\t<section class=\"elementor-section elementor-inner-section elementor-element elementor-element-d4c18ee elementor-section-boxed elementor-section-height-default elementor-section-height-default\" data-id=\"d4c18ee\" data-element_type=\"section\">\n\t\t\t\t\t\t<div class=\"elementor-container elementor-column-gap-default\">\n\t\t\t\t\t<div class=\"elementor-column elementor-col-50 elementor-inner-column elementor-element elementor-element-6b68d99 ot-flex-column-vertical\" data-id=\"6b68d99\" data-element_type=\"column\">\n\t\t\t<div class=\"elementor-widget-wrap elementor-element-populated\">\n\t\t\t\t\t\t\t\t<div class=\"elementor-element elementor-element-92b7d7a elementor-invisible elementor-widget elementor-widget-image\" data-id=\"92b7d7a\" data-element_type=\"widget\" data-settings=\"{&quot;_animation&quot;:&quot;fadeInUp&quot;}\" data-widget_type=\"image.default\">\n\t\t\t\t<div class=\"elementor-widget-container\">\n\t\t\t\t\t\t\t\t\t\t\t\t\t\t\t<img decoding=\"async\" src=\"https:\/\/ecg-expertise.com\/wp-content\/uploads\/elementor\/thumbs\/Capture-decran-2022-12-23-002829-pzs4ofhngmo5r79whdveicfofzx75ksk9kkcbe7ib8.jpg\" title=\"Capture d\u2019\u00e9cran 2022-12-23 002829\" alt=\"Capture d\u2019\u00e9cran 2022-12-23 002829\" \/>\t\t\t\t\t\t\t\t\t\t\t\t\t\t\t<\/div>\n\t\t\t\t<\/div>\n\t\t\t\t\t<\/div>\n\t\t<\/div>\n\t\t\t\t<div class=\"elementor-column elementor-col-50 elementor-inner-column elementor-element elementor-element-d0063bb ot-flex-column-vertical\" data-id=\"d0063bb\" data-element_type=\"column\">\n\t\t\t<div class=\"elementor-widget-wrap elementor-element-populated\">\n\t\t\t\t\t\t\t\t<div class=\"elementor-element elementor-element-23420c4 elementor-widget__width-initial elementor-widget-tablet__width-inherit elementor-widget elementor-widget-text-editor\" data-id=\"23420c4\" data-element_type=\"widget\" data-widget_type=\"text-editor.default\">\n\t\t\t\t<div class=\"elementor-widget-container\">\n\t\t\t\t\t\t\t<ul class=\"elementor-icon-list-items\"><li class=\"elementor-icon-list-item\"><span class=\"elementor-icon-list-text\"><strong>Exp\u00e9rience :\u00a0<\/strong>12 ans<\/span><\/li><li class=\"elementor-icon-list-item\">\u00a0<\/li><\/ul>\t\t\t\t\t\t<\/div>\n\t\t\t\t<\/div>\n\t\t\t\t\t<\/div>\n\t\t<\/div>\n\t\t\t\t\t\t\t<\/div>\n\t\t<\/section>\n\t\t\t\t<section class=\"elementor-section elementor-inner-section elementor-element elementor-element-c453b27 elementor-section-boxed elementor-section-height-default elementor-section-height-default\" data-id=\"c453b27\" data-element_type=\"section\">\n\t\t\t\t\t\t<div class=\"elementor-container elementor-column-gap-default\">\n\t\t\t\t\t<div class=\"elementor-column elementor-col-50 elementor-inner-column elementor-element elementor-element-5ab8643 ot-flex-column-vertical\" data-id=\"5ab8643\" data-element_type=\"column\">\n\t\t\t<div class=\"elementor-widget-wrap elementor-element-populated\">\n\t\t\t\t\t\t\t\t<div class=\"elementor-element elementor-element-101c111 elementor-invisible elementor-widget elementor-widget-image\" data-id=\"101c111\" data-element_type=\"widget\" data-settings=\"{&quot;_animation&quot;:&quot;fadeInUp&quot;}\" data-widget_type=\"image.default\">\n\t\t\t\t<div class=\"elementor-widget-container\">\n\t\t\t\t\t\t\t\t\t\t\t\t\t\t\t<img decoding=\"async\" src=\"https:\/\/ecg-expertise.com\/wp-content\/uploads\/elementor\/thumbs\/Capture-decran-2022-12-23-002855-pzs4ofhngmo5r79whdveicfofzx75ksk9kkcbe7ib8.jpg\" title=\"Capture d\u2019\u00e9cran 2022-12-23 002855\" alt=\"Capture d\u2019\u00e9cran 2022-12-23 002855\" \/>\t\t\t\t\t\t\t\t\t\t\t\t\t\t\t<\/div>\n\t\t\t\t<\/div>\n\t\t\t\t\t<\/div>\n\t\t<\/div>\n\t\t\t\t<div class=\"elementor-column elementor-col-50 elementor-inner-column elementor-element elementor-element-7492ed6 ot-flex-column-vertical\" data-id=\"7492ed6\" data-element_type=\"column\">\n\t\t\t<div class=\"elementor-widget-wrap elementor-element-populated\">\n\t\t\t\t\t\t\t\t<div class=\"elementor-element elementor-element-3cc1abd elementor-widget__width-initial elementor-widget-tablet__width-inherit elementor-widget elementor-widget-text-editor\" data-id=\"3cc1abd\" data-element_type=\"widget\" data-widget_type=\"text-editor.default\">\n\t\t\t\t<div class=\"elementor-widget-container\">\n\t\t\t\t\t\t\t<p><b>Dipl\u00f4me<\/b> : Master 2 en audit et contr\u00f4le de gestion<\/p>\t\t\t\t\t\t<\/div>\n\t\t\t\t<\/div>\n\t\t\t\t\t<\/div>\n\t\t<\/div>\n\t\t\t\t\t\t\t<\/div>\n\t\t<\/section>\n\t\t\t\t\t<\/div>\n\t\t<\/div>\n\t\t\t\t\t\t\t<\/div>\n\t\t<\/section>\n\t\t\t\t\t\t\t<\/div>\n\t\t","protected":false},"excerpt":{"rendered":"<p>Audit financier et commissariats aux comptes ; Analyse des proc\u00e9dures et du dispositif du contr\u00f4le interne ; Audit de performance ; Audit de la tr\u00e9sorerie ; Audit des ressources humaines [&hellip;]<\/p>\n","protected":false},"author":1,"featured_media":0,"parent":868,"menu_order":0,"comment_status":"closed","ping_status":"closed","template":"","meta":{"footnotes":""},"class_list":["post-1002","page","type-page","status-publish","hentry"],"_links":{"self":[{"href":"https:\/\/ecg-expertise.com\/index.php?rest_route=\/wp\/v2\/pages\/1002","targetHints":{"allow":["GET"]}}],"collection":[{"href":"https:\/\/ecg-expertise.com\/index.php?rest_route=\/wp\/v2\/pages"}],"about":[{"href":"https:\/\/ecg-expertise.com\/index.php?rest_route=\/wp\/v2\/types\/page"}],"author":[{"embeddable":true,"href":"https:\/\/ecg-expertise.com\/index.php?rest_route=\/wp\/v2\/users\/1"}],"replies":[{"embeddable":true,"href":"https:\/\/ecg-expertise.com\/index.php?rest_route=%2Fwp%2Fv2%2Fcomments&post=1002"}],"version-history":[{"count":67,"href":"https:\/\/ecg-expertise.com\/index.php?rest_route=\/wp\/v2\/pages\/1002\/revisions"}],"predecessor-version":[{"id":3077,"href":"https:\/\/ecg-expertise.com\/index.php?rest_route=\/wp\/v2\/pages\/1002\/revisions\/3077"}],"up":[{"embeddable":true,"href":"https:\/\/ecg-expertise.com\/index.php?rest_route=\/wp\/v2\/pages\/868"}],"wp:attachment":[{"href":"https:\/\/ecg-expertise.com\/index.php?rest_route=%2Fwp%2Fv2%2Fmedia&parent=1002"}],"curies":[{"name":"wp","href":"https:\/\/api.w.org\/{rel}","templated":true}]}}