{"id":2761,"date":"2022-12-15T10:12:16","date_gmt":"2022-12-15T09:12:16","guid":{"rendered":"http:\/\/localhost\/site\/?page_id=2761"},"modified":"2022-12-23T13:42:11","modified_gmt":"2022-12-23T12:42:11","slug":"etude-suivi-evaluation-et-conseil","status":"publish","type":"page","link":"https:\/\/ecg-expertise.com\/?page_id=2761","title":{"rendered":"ETUDE, SUIVI, \u00c9VALUATION ET CONSEIL"},"content":{"rendered":"\t\t<div data-elementor-type=\"wp-page\" data-elementor-id=\"2761\" class=\"elementor elementor-2761\">\n\t\t\t\t\t\t\t\t\t<section class=\"elementor-section elementor-top-section elementor-element elementor-element-66fddd8 elementor-section-height-min-height elementor-section-content-middle elementor-section-boxed elementor-section-height-default elementor-section-items-middle\" data-id=\"66fddd8\" data-element_type=\"section\">\n\t\t\t\t\t\t<div class=\"elementor-container elementor-column-gap-no\">\n\t\t\t\t\t<div class=\"elementor-column elementor-col-33 elementor-top-column elementor-element elementor-element-78b6318 ot-flex-column-vertical\" data-id=\"78b6318\" data-element_type=\"column\">\n\t\t\t<div class=\"elementor-widget-wrap elementor-element-populated\">\n\t\t\t\t\t\t\t\t<div class=\"elementor-element elementor-element-0509663 elementor-widget elementor-widget-text-editor\" data-id=\"0509663\" data-element_type=\"widget\" data-widget_type=\"text-editor.default\">\n\t\t\t\t<div class=\"elementor-widget-container\">\n\t\t\t<style>\/*! elementor - v3.9.2 - 21-12-2022 *\/\n.elementor-widget-text-editor.elementor-drop-cap-view-stacked .elementor-drop-cap{background-color:#818a91;color:#fff}.elementor-widget-text-editor.elementor-drop-cap-view-framed .elementor-drop-cap{color:#818a91;border:3px solid;background-color:transparent}.elementor-widget-text-editor:not(.elementor-drop-cap-view-default) .elementor-drop-cap{margin-top:8px}.elementor-widget-text-editor:not(.elementor-drop-cap-view-default) .elementor-drop-cap-letter{width:1em;height:1em}.elementor-widget-text-editor .elementor-drop-cap{float:left;text-align:center;line-height:1;font-size:50px}.elementor-widget-text-editor .elementor-drop-cap-letter{display:inline-block}<\/style>\t\t\t\t<p>\u00a0<\/p><ul><li>\u00c9valuation d\u2019entreprises;<\/li><li><span style=\"font-style: inherit; font-weight: inherit;\"><span style=\"font-style: inherit; font-weight: inherit;\">Manuel de proc\u00e9dures ;<\/span><\/span><\/li><li><span style=\"font-style: inherit; font-weight: inherit;\"><span style=\"font-style: inherit; font-weight: inherit;\">Mise en place de tableaux de bord ;<\/span><\/span><\/li><li><span style=\"font-style: inherit; font-weight: inherit;\"><span style=\"font-style: inherit; font-weight: inherit;\">Elaboration de business plan ;<\/span><\/span><\/li><li><span style=\"font-style: inherit; font-weight: inherit;\"><span style=\"font-style: inherit; font-weight: inherit;\">Montage et ing\u00e9nierie financiers ;<\/span><\/span><\/li><li><span style=\"font-style: inherit; font-weight: inherit;\"><span style=\"font-style: inherit; font-weight: inherit;\">Etudes et veille \u00e9conomiques ;<\/span><\/span><\/li><li><span style=\"font-style: inherit; font-weight: inherit;\"><span style=\"font-style: inherit; font-weight: inherit;\">Evaluation et suivi de projet ;<\/span><\/span><\/li><li><span style=\"font-style: inherit; font-weight: inherit;\"><span style=\"font-style: inherit; font-weight: inherit;\">Montage financier et recherches de financement ;<\/span><\/span><\/li><li><span style=\"font-style: inherit; font-weight: inherit;\"><span style=\"font-style: inherit; font-weight: inherit;\">Micro-finance&#8230;<\/span><\/span><\/li><\/ul>\t\t\t\t\t\t<\/div>\n\t\t\t\t<\/div>\n\t\t\t\t\t<\/div>\n\t\t<\/div>\n\t\t\t\t<div class=\"elementor-column elementor-col-33 elementor-top-column elementor-element elementor-element-28e666a ot-flex-column-vertical\" data-id=\"28e666a\" data-element_type=\"column\">\n\t\t\t<div class=\"elementor-widget-wrap elementor-element-populated\">\n\t\t\t\t\t\t\t\t<div class=\"elementor-element elementor-element-2016881 elementor-widget__width-initial elementor-widget-tablet__width-initial elementor-widget-mobile__width-initial elementor-invisible elementor-widget elementor-widget-image\" data-id=\"2016881\" data-element_type=\"widget\" data-settings=\"{&quot;_animation&quot;:&quot;fadeInRight&quot;}\" data-widget_type=\"image.default\">\n\t\t\t\t<div class=\"elementor-widget-container\">\n\t\t\t<style>\/*! elementor - v3.9.2 - 21-12-2022 *\/\n.elementor-widget-image{text-align:center}.elementor-widget-image a{display:inline-block}.elementor-widget-image a img[src$=\".svg\"]{width:48px}.elementor-widget-image img{vertical-align:middle;display:inline-block}<\/style>\t\t\t\t\t\t\t\t\t\t\t\t<img loading=\"lazy\" decoding=\"async\" width=\"2048\" height=\"1366\" src=\"https:\/\/ecg-expertise.com\/wp-content\/uploads\/2022\/12\/executive-assistant-virtuel-1-scaled-1-2048x1366-1.jpg\" class=\"attachment-full size-full wp-image-2351\" alt=\"\" srcset=\"https:\/\/ecg-expertise.com\/wp-content\/uploads\/2022\/12\/executive-assistant-virtuel-1-scaled-1-2048x1366-1.jpg 2048w, https:\/\/ecg-expertise.com\/wp-content\/uploads\/2022\/12\/executive-assistant-virtuel-1-scaled-1-2048x1366-1-300x200.jpg 300w, https:\/\/ecg-expertise.com\/wp-content\/uploads\/2022\/12\/executive-assistant-virtuel-1-scaled-1-2048x1366-1-1024x683.jpg 1024w, https:\/\/ecg-expertise.com\/wp-content\/uploads\/2022\/12\/executive-assistant-virtuel-1-scaled-1-2048x1366-1-768x512.jpg 768w, https:\/\/ecg-expertise.com\/wp-content\/uploads\/2022\/12\/executive-assistant-virtuel-1-scaled-1-2048x1366-1-1536x1025.jpg 1536w, https:\/\/ecg-expertise.com\/wp-content\/uploads\/2022\/12\/executive-assistant-virtuel-1-scaled-1-2048x1366-1-600x400.jpg 600w\" sizes=\"auto, (max-width: 2048px) 100vw, 2048px\" \/>\t\t\t\t\t\t\t\t\t\t\t\t\t\t\t<\/div>\n\t\t\t\t<\/div>\n\t\t\t\t<div class=\"elementor-element elementor-element-127d9a3 elementor-widget__width-auto elementor-absolute animated-slow elementor-view-default elementor-invisible elementor-widget elementor-widget-icon\" data-id=\"127d9a3\" data-element_type=\"widget\" data-settings=\"{&quot;_position&quot;:&quot;absolute&quot;,&quot;_animation&quot;:&quot;fadeIn&quot;,&quot;_animation_delay&quot;:500,&quot;motion_fx_motion_fx_scrolling&quot;:&quot;yes&quot;,&quot;motion_fx_translateX_effect&quot;:&quot;yes&quot;,&quot;motion_fx_translateX_direction&quot;:&quot;negative&quot;,&quot;motion_fx_translateX_speed&quot;:{&quot;unit&quot;:&quot;px&quot;,&quot;size&quot;:2,&quot;sizes&quot;:[]},&quot;motion_fx_translateX_affectedRange&quot;:{&quot;unit&quot;:&quot;%&quot;,&quot;size&quot;:&quot;&quot;,&quot;sizes&quot;:{&quot;start&quot;:50,&quot;end&quot;:100}},&quot;motion_fx_devices&quot;:[&quot;desktop&quot;,&quot;tablet&quot;,&quot;mobile&quot;]}\" data-widget_type=\"icon.default\">\n\t\t\t\t<div class=\"elementor-widget-container\">\n\t\t\t\t\t<div class=\"elementor-icon-wrapper\">\n\t\t\t<div class=\"elementor-icon\">\n\t\t\t<svg xmlns=\"http:\/\/www.w3.org\/2000\/svg\" id=\"afb6f239-ddfa-4317-a8c2-6e12c8554240\" data-name=\"Layer 1\" width=\"165.953\" height=\"115.814\" viewBox=\"0 0 165.953 115.814\"><circle cx=\"1.5\" cy=\"1.5\" r=\"1.5\"><\/circle><circle cx=\"1.5\" cy=\"14.0352\" r=\"1.5\"><\/circle><circle cx=\"1.5\" cy=\"26.5684\" r=\"1.5\"><\/circle><circle cx=\"1.5\" cy=\"39.1035\" r=\"1.5\"><\/circle><circle cx=\"1.5\" cy=\"51.6406\" r=\"1.5\"><\/circle><circle cx=\"1.5\" cy=\"64.1758\" r=\"1.5\"><\/circle><circle cx=\"1.5\" cy=\"76.709\" r=\"1.5\"><\/circle><circle cx=\"1.5\" cy=\"89.2441\" r=\"1.5\"><\/circle><circle cx=\"1.5\" cy=\"101.779\" r=\"1.5\"><\/circle><circle cx=\"1.5\" cy=\"114.314\" r=\"1.5\"><\/circle><circle cx=\"14.0312\" cy=\"1.5\" r=\"1.5\"><\/circle><circle cx=\"14.0312\" cy=\"14.0352\" r=\"1.5\"><\/circle><circle cx=\"14.0312\" cy=\"26.5684\" r=\"1.5\"><\/circle><circle cx=\"14.0312\" cy=\"39.1035\" r=\"1.5\"><\/circle><circle cx=\"14.0312\" cy=\"51.6406\" r=\"1.5\"><\/circle><circle cx=\"14.0312\" cy=\"64.1758\" r=\"1.5\"><\/circle><circle cx=\"14.0312\" cy=\"76.709\" r=\"1.5\"><\/circle><circle cx=\"14.0312\" cy=\"89.2441\" r=\"1.5\"><\/circle><circle cx=\"14.0312\" cy=\"101.779\" r=\"1.5\"><\/circle><circle cx=\"14.0312\" cy=\"114.314\" r=\"1.5\"><\/circle><circle cx=\"26.5664\" cy=\"1.5\" r=\"1.5\"><\/circle><circle cx=\"26.5664\" cy=\"14.0352\" r=\"1.5\"><\/circle><circle cx=\"26.5664\" cy=\"26.5684\" r=\"1.5\"><\/circle><circle cx=\"26.5664\" cy=\"39.1035\" r=\"1.5\"><\/circle><circle cx=\"26.5664\" cy=\"51.6406\" r=\"1.5\"><\/circle><circle cx=\"26.5664\" cy=\"64.1758\" r=\"1.5\"><\/circle><circle cx=\"26.5664\" cy=\"76.709\" r=\"1.5\"><\/circle><circle cx=\"26.5664\" cy=\"89.2441\" r=\"1.5\"><\/circle><circle cx=\"26.5664\" cy=\"101.779\" r=\"1.5\"><\/circle><circle cx=\"26.5664\" cy=\"114.314\" r=\"1.5\"><\/circle><circle cx=\"39.1016\" cy=\"1.5\" r=\"1.5\"><\/circle><circle cx=\"39.1016\" cy=\"14.0352\" r=\"1.5\"><\/circle><circle cx=\"39.1016\" cy=\"26.5684\" r=\"1.5\"><\/circle><circle cx=\"39.1016\" cy=\"39.1035\" r=\"1.5\"><\/circle><circle cx=\"39.1016\" cy=\"51.6406\" r=\"1.5\"><\/circle><circle cx=\"39.1016\" cy=\"64.1758\" r=\"1.5\"><\/circle><circle cx=\"39.1016\" cy=\"76.709\" r=\"1.5\"><\/circle><circle cx=\"39.1016\" cy=\"89.2441\" r=\"1.5\"><\/circle><circle cx=\"39.1016\" cy=\"101.779\" r=\"1.5\"><\/circle><circle cx=\"39.1016\" cy=\"114.314\" r=\"1.5\"><\/circle><circle cx=\"51.6367\" cy=\"1.5\" r=\"1.5\"><\/circle><circle cx=\"51.6367\" cy=\"14.0352\" r=\"1.5\"><\/circle><circle cx=\"51.6367\" cy=\"26.5684\" r=\"1.5\"><\/circle><circle cx=\"51.6367\" cy=\"39.1035\" r=\"1.5\"><\/circle><circle cx=\"51.6367\" cy=\"51.6406\" r=\"1.5\"><\/circle><circle cx=\"51.6367\" cy=\"64.1758\" r=\"1.5\"><\/circle><circle cx=\"51.6367\" cy=\"76.709\" r=\"1.5\"><\/circle><circle cx=\"51.6367\" cy=\"89.2441\" r=\"1.5\"><\/circle><circle cx=\"51.6367\" cy=\"101.779\" r=\"1.5\"><\/circle><circle cx=\"51.6367\" cy=\"114.314\" r=\"1.5\"><\/circle><circle cx=\"64.1719\" cy=\"1.5\" r=\"1.5\"><\/circle><circle cx=\"64.1719\" cy=\"14.0352\" r=\"1.5\"><\/circle><circle cx=\"64.1719\" cy=\"26.5684\" r=\"1.5\"><\/circle><circle cx=\"64.1719\" cy=\"39.1035\" r=\"1.5\"><\/circle><circle cx=\"64.1719\" cy=\"51.6406\" r=\"1.5\"><\/circle><circle cx=\"64.1719\" cy=\"64.1758\" r=\"1.5\"><\/circle><circle cx=\"64.1719\" cy=\"76.709\" r=\"1.5\"><\/circle><circle cx=\"64.1719\" cy=\"89.2441\" r=\"1.5\"><\/circle><circle cx=\"64.1719\" cy=\"101.779\" r=\"1.5\"><\/circle><circle cx=\"64.1719\" cy=\"114.314\" r=\"1.5\"><\/circle><circle cx=\"76.707\" cy=\"1.5\" r=\"1.5\"><\/circle><circle cx=\"76.707\" cy=\"14.0352\" r=\"1.5\"><\/circle><circle cx=\"76.707\" cy=\"26.5684\" r=\"1.5\"><\/circle><circle cx=\"76.707\" cy=\"39.1035\" r=\"1.5\"><\/circle><circle cx=\"76.707\" cy=\"51.6406\" r=\"1.5\"><\/circle><circle cx=\"76.707\" cy=\"64.1758\" r=\"1.5\"><\/circle><circle cx=\"76.707\" cy=\"76.709\" r=\"1.5\"><\/circle><circle cx=\"76.707\" cy=\"89.2441\" r=\"1.5\"><\/circle><circle cx=\"76.707\" cy=\"101.779\" r=\"1.5\"><\/circle><circle cx=\"76.707\" cy=\"114.314\" r=\"1.5\"><\/circle><circle cx=\"89.2461\" cy=\"1.5\" r=\"1.5\"><\/circle><circle cx=\"89.2461\" cy=\"14.0352\" r=\"1.5\"><\/circle><circle cx=\"89.2461\" cy=\"26.5684\" r=\"1.5\"><\/circle><circle cx=\"89.2461\" cy=\"39.1035\" r=\"1.5\"><\/circle><circle cx=\"89.2461\" cy=\"51.6406\" r=\"1.5\"><\/circle><circle cx=\"89.2461\" cy=\"64.1758\" r=\"1.5\"><\/circle><circle cx=\"89.2461\" cy=\"76.709\" r=\"1.5\"><\/circle><circle cx=\"89.2461\" cy=\"89.2441\" r=\"1.5\"><\/circle><circle cx=\"89.2461\" cy=\"101.779\" r=\"1.5\"><\/circle><circle cx=\"89.2461\" cy=\"114.314\" r=\"1.5\"><\/circle><circle cx=\"101.777\" cy=\"1.5\" r=\"1.5\"><\/circle><circle cx=\"101.777\" cy=\"14.0352\" r=\"1.5\"><\/circle><circle cx=\"101.777\" cy=\"26.5684\" r=\"1.5\"><\/circle><circle cx=\"101.777\" cy=\"39.1035\" r=\"1.5\"><\/circle><circle cx=\"101.777\" cy=\"51.6406\" r=\"1.5\"><\/circle><circle cx=\"101.777\" cy=\"64.1758\" r=\"1.5\"><\/circle><circle cx=\"101.777\" cy=\"76.709\" r=\"1.5\"><\/circle><circle cx=\"101.777\" cy=\"89.2441\" r=\"1.5\"><\/circle><circle cx=\"101.777\" cy=\"101.779\" r=\"1.5\"><\/circle><circle cx=\"101.777\" cy=\"114.314\" r=\"1.5\"><\/circle><circle cx=\"114.312\" cy=\"1.5\" r=\"1.5\"><\/circle><circle cx=\"114.312\" cy=\"14.0352\" r=\"1.5\"><\/circle><circle cx=\"114.312\" cy=\"26.5684\" r=\"1.5\"><\/circle><circle cx=\"114.312\" cy=\"39.1035\" r=\"1.5\"><\/circle><circle cx=\"114.312\" cy=\"51.6406\" r=\"1.5\"><\/circle><circle cx=\"114.312\" cy=\"64.1758\" r=\"1.5\"><\/circle><circle cx=\"114.312\" cy=\"76.709\" r=\"1.5\"><\/circle><circle cx=\"114.312\" cy=\"89.2441\" r=\"1.5\"><\/circle><circle cx=\"114.312\" cy=\"101.779\" r=\"1.5\"><\/circle><circle cx=\"114.312\" cy=\"114.314\" r=\"1.5\"><\/circle><circle cx=\"126.848\" cy=\"1.5\" r=\"1.5\"><\/circle><circle cx=\"126.848\" cy=\"14.0352\" r=\"1.5\"><\/circle><circle cx=\"126.848\" cy=\"26.5684\" r=\"1.5\"><\/circle><circle cx=\"126.848\" cy=\"39.1035\" r=\"1.5\"><\/circle><circle cx=\"126.848\" cy=\"51.6406\" r=\"1.5\"><\/circle><circle cx=\"126.848\" cy=\"64.1758\" r=\"1.5\"><\/circle><circle cx=\"126.848\" cy=\"76.709\" r=\"1.5\"><\/circle><circle cx=\"126.848\" cy=\"89.2441\" r=\"1.5\"><\/circle><circle cx=\"126.848\" cy=\"101.779\" r=\"1.5\"><\/circle><circle cx=\"126.848\" cy=\"114.314\" r=\"1.5\"><\/circle><circle cx=\"139.383\" cy=\"1.5\" r=\"1.5\"><\/circle><circle cx=\"139.383\" cy=\"14.0352\" r=\"1.5\"><\/circle><circle cx=\"139.383\" cy=\"26.5684\" r=\"1.5\"><\/circle><circle cx=\"139.383\" cy=\"39.1035\" r=\"1.5\"><\/circle><circle cx=\"139.383\" cy=\"51.6406\" r=\"1.5\"><\/circle><circle cx=\"139.383\" cy=\"64.1758\" r=\"1.5\"><\/circle><circle cx=\"139.383\" cy=\"76.709\" r=\"1.5\"><\/circle><circle cx=\"139.383\" cy=\"89.2441\" r=\"1.5\"><\/circle><circle cx=\"139.383\" cy=\"101.779\" r=\"1.5\"><\/circle><circle cx=\"139.383\" cy=\"114.314\" r=\"1.5\"><\/circle><circle cx=\"151.918\" cy=\"1.5\" r=\"1.5\"><\/circle><circle cx=\"151.918\" cy=\"14.0352\" r=\"1.5\"><\/circle><circle cx=\"151.918\" cy=\"26.5684\" r=\"1.5\"><\/circle><circle cx=\"151.918\" cy=\"39.1035\" r=\"1.5\"><\/circle><circle cx=\"151.918\" cy=\"51.6406\" r=\"1.5\"><\/circle><circle cx=\"151.918\" cy=\"64.1758\" r=\"1.5\"><\/circle><circle cx=\"151.918\" cy=\"76.709\" r=\"1.5\"><\/circle><circle cx=\"151.918\" cy=\"89.2441\" r=\"1.5\"><\/circle><circle cx=\"151.918\" cy=\"101.779\" r=\"1.5\"><\/circle><circle cx=\"151.918\" cy=\"114.314\" r=\"1.5\"><\/circle><circle cx=\"164.453\" cy=\"1.5\" r=\"1.5\"><\/circle><circle cx=\"164.453\" cy=\"14.0352\" r=\"1.5\"><\/circle><circle cx=\"164.453\" cy=\"26.5684\" r=\"1.5\"><\/circle><circle cx=\"164.453\" cy=\"39.1035\" r=\"1.5\"><\/circle><circle cx=\"164.453\" cy=\"51.6406\" r=\"1.5\"><\/circle><circle cx=\"164.453\" cy=\"64.1758\" r=\"1.5\"><\/circle><circle cx=\"164.453\" cy=\"76.709\" r=\"1.5\"><\/circle><circle cx=\"164.453\" cy=\"89.2441\" r=\"1.5\"><\/circle><circle cx=\"164.453\" cy=\"101.779\" r=\"1.5\"><\/circle><circle cx=\"164.453\" cy=\"114.314\" r=\"1.5\"><\/circle><\/svg>\t\t\t<\/div>\n\t\t<\/div>\n\t\t\t\t<\/div>\n\t\t\t\t<\/div>\n\t\t\t\t\t<\/div>\n\t\t<\/div>\n\t\t\t\t<div class=\"elementor-column elementor-col-33 elementor-top-column elementor-element elementor-element-a78b512 ot-flex-column-vertical\" data-id=\"a78b512\" data-element_type=\"column\">\n\t\t\t<div class=\"elementor-widget-wrap elementor-element-populated\">\n\t\t\t\t\t\t\t\t<div class=\"elementor-element elementor-element-af72223 elementor-widget elementor-widget-text-editor\" data-id=\"af72223\" data-element_type=\"widget\" data-widget_type=\"text-editor.default\">\n\t\t\t\t<div class=\"elementor-widget-container\">\n\t\t\t\t\t\t\t<h3>Baytir Mbengue\u200b<\/h3>\t\t\t\t\t\t<\/div>\n\t\t\t\t<\/div>\n\t\t\t\t<div class=\"elementor-element elementor-element-5c0408a elementor-widget elementor-widget-text-editor\" data-id=\"5c0408a\" data-element_type=\"widget\" data-widget_type=\"text-editor.default\">\n\t\t\t\t<div class=\"elementor-widget-container\">\n\t\t\t\t\t\t\tchef de d\u00e9partement\t\t\t\t\t\t<\/div>\n\t\t\t\t<\/div>\n\t\t\t\t<section class=\"elementor-section elementor-inner-section elementor-element elementor-element-f672920 elementor-section-boxed elementor-section-height-default elementor-section-height-default\" data-id=\"f672920\" data-element_type=\"section\">\n\t\t\t\t\t\t<div class=\"elementor-container elementor-column-gap-default\">\n\t\t\t\t\t<div class=\"elementor-column elementor-col-50 elementor-inner-column elementor-element elementor-element-94104a7 ot-flex-column-vertical\" data-id=\"94104a7\" data-element_type=\"column\">\n\t\t\t<div class=\"elementor-widget-wrap elementor-element-populated\">\n\t\t\t\t\t\t\t\t<div class=\"elementor-element elementor-element-53fabc6 elementor-invisible elementor-widget elementor-widget-image\" data-id=\"53fabc6\" data-element_type=\"widget\" data-settings=\"{&quot;_animation&quot;:&quot;fadeInUp&quot;}\" data-widget_type=\"image.default\">\n\t\t\t\t<div class=\"elementor-widget-container\">\n\t\t\t\t\t\t\t\t\t\t\t\t\t\t\t<img decoding=\"async\" src=\"https:\/\/ecg-expertise.com\/wp-content\/uploads\/elementor\/thumbs\/Capture-decran-2022-12-23-002829-pzs4ofhngmo5r79whdveicfofzx75ksk9kkcbe7ib8.jpg\" title=\"Capture d\u2019\u00e9cran 2022-12-23 002829\" alt=\"Capture d\u2019\u00e9cran 2022-12-23 002829\" \/>\t\t\t\t\t\t\t\t\t\t\t\t\t\t\t<\/div>\n\t\t\t\t<\/div>\n\t\t\t\t\t<\/div>\n\t\t<\/div>\n\t\t\t\t<div class=\"elementor-column elementor-col-50 elementor-inner-column elementor-element elementor-element-5be3ad3 ot-flex-column-vertical\" data-id=\"5be3ad3\" data-element_type=\"column\">\n\t\t\t<div class=\"elementor-widget-wrap elementor-element-populated\">\n\t\t\t\t\t\t\t\t<div class=\"elementor-element elementor-element-b2cddd7 elementor-widget__width-initial elementor-widget-tablet__width-inherit elementor-widget elementor-widget-text-editor\" data-id=\"b2cddd7\" data-element_type=\"widget\" data-widget_type=\"text-editor.default\">\n\t\t\t\t<div class=\"elementor-widget-container\">\n\t\t\t\t\t\t\t<ul class=\"elementor-icon-list-items\"><li class=\"elementor-icon-list-item\"><span class=\"elementor-icon-list-text\"><strong>Exp\u00e9rience : <\/strong>\u00a030 ans<\/span><\/li><li class=\"elementor-icon-list-item\">\u00a0<\/li><\/ul>\t\t\t\t\t\t<\/div>\n\t\t\t\t<\/div>\n\t\t\t\t\t<\/div>\n\t\t<\/div>\n\t\t\t\t\t\t\t<\/div>\n\t\t<\/section>\n\t\t\t\t<section class=\"elementor-section elementor-inner-section elementor-element elementor-element-fd7d322 elementor-section-boxed elementor-section-height-default elementor-section-height-default\" data-id=\"fd7d322\" data-element_type=\"section\">\n\t\t\t\t\t\t<div class=\"elementor-container elementor-column-gap-default\">\n\t\t\t\t\t<div class=\"elementor-column elementor-col-50 elementor-inner-column elementor-element elementor-element-0397be9 ot-flex-column-vertical\" data-id=\"0397be9\" data-element_type=\"column\">\n\t\t\t<div class=\"elementor-widget-wrap elementor-element-populated\">\n\t\t\t\t\t\t\t\t<div class=\"elementor-element elementor-element-252eb5b elementor-invisible elementor-widget elementor-widget-image\" data-id=\"252eb5b\" data-element_type=\"widget\" data-settings=\"{&quot;_animation&quot;:&quot;fadeInUp&quot;}\" data-widget_type=\"image.default\">\n\t\t\t\t<div class=\"elementor-widget-container\">\n\t\t\t\t\t\t\t\t\t\t\t\t\t\t\t<img decoding=\"async\" src=\"https:\/\/ecg-expertise.com\/wp-content\/uploads\/elementor\/thumbs\/Capture-decran-2022-12-23-002855-pzs4ofhngmo5r79whdveicfofzx75ksk9kkcbe7ib8.jpg\" title=\"Capture d\u2019\u00e9cran 2022-12-23 002855\" alt=\"Capture d\u2019\u00e9cran 2022-12-23 002855\" \/>\t\t\t\t\t\t\t\t\t\t\t\t\t\t\t<\/div>\n\t\t\t\t<\/div>\n\t\t\t\t\t<\/div>\n\t\t<\/div>\n\t\t\t\t<div class=\"elementor-column elementor-col-50 elementor-inner-column elementor-element elementor-element-28bc601 ot-flex-column-vertical\" data-id=\"28bc601\" data-element_type=\"column\">\n\t\t\t<div class=\"elementor-widget-wrap elementor-element-populated\">\n\t\t\t\t\t\t\t\t<div class=\"elementor-element elementor-element-aad1bb4 elementor-widget__width-initial elementor-widget-tablet__width-inherit elementor-widget elementor-widget-text-editor\" data-id=\"aad1bb4\" data-element_type=\"widget\" data-widget_type=\"text-editor.default\">\n\t\t\t\t<div class=\"elementor-widget-container\">\n\t\t\t\t\t\t\t<p><b>Dipl\u00f4me<\/b> : DESS en Economie<\/p>\t\t\t\t\t\t<\/div>\n\t\t\t\t<\/div>\n\t\t\t\t\t<\/div>\n\t\t<\/div>\n\t\t\t\t\t\t\t<\/div>\n\t\t<\/section>\n\t\t\t\t\t<\/div>\n\t\t<\/div>\n\t\t\t\t\t\t\t<\/div>\n\t\t<\/section>\n\t\t\t\t\t\t\t<\/div>\n\t\t","protected":false},"excerpt":{"rendered":"<p>\u00a0 \u00c9valuation d\u2019entreprises; Manuel de proc\u00e9dures ; Mise en place de tableaux de bord ; Elaboration de business plan ; Montage et ing\u00e9nierie financiers ; Etudes et veille \u00e9conomiques ; [&hellip;]<\/p>\n","protected":false},"author":1,"featured_media":0,"parent":0,"menu_order":0,"comment_status":"closed","ping_status":"closed","template":"","meta":{"footnotes":""},"class_list":["post-2761","page","type-page","status-publish","hentry"],"_links":{"self":[{"href":"https:\/\/ecg-expertise.com\/index.php?rest_route=\/wp\/v2\/pages\/2761","targetHints":{"allow":["GET"]}}],"collection":[{"href":"https:\/\/ecg-expertise.com\/index.php?rest_route=\/wp\/v2\/pages"}],"about":[{"href":"https:\/\/ecg-expertise.com\/index.php?rest_route=\/wp\/v2\/types\/page"}],"author":[{"embeddable":true,"href":"https:\/\/ecg-expertise.com\/index.php?rest_route=\/wp\/v2\/users\/1"}],"replies":[{"embeddable":true,"href":"https:\/\/ecg-expertise.com\/index.php?rest_route=%2Fwp%2Fv2%2Fcomments&post=2761"}],"version-history":[{"count":19,"href":"https:\/\/ecg-expertise.com\/index.php?rest_route=\/wp\/v2\/pages\/2761\/revisions"}],"predecessor-version":[{"id":3204,"href":"https:\/\/ecg-expertise.com\/index.php?rest_route=\/wp\/v2\/pages\/2761\/revisions\/3204"}],"wp:attachment":[{"href":"https:\/\/ecg-expertise.com\/index.php?rest_route=%2Fwp%2Fv2%2Fmedia&parent=2761"}],"curies":[{"name":"wp","href":"https:\/\/api.w.org\/{rel}","templated":true}]}}