{"id":2763,"date":"2022-12-15T10:12:16","date_gmt":"2022-12-15T09:12:16","guid":{"rendered":"http:\/\/localhost\/site\/?page_id=2763"},"modified":"2022-12-23T13:43:58","modified_gmt":"2022-12-23T12:43:58","slug":"juridique-et-fiscal","status":"publish","type":"page","link":"https:\/\/ecg-expertise.com\/?page_id=2763","title":{"rendered":"JURIDIQUE ET FISCAL"},"content":{"rendered":"\t\t<div data-elementor-type=\"wp-page\" data-elementor-id=\"2763\" class=\"elementor elementor-2763\">\n\t\t\t\t\t\t\t\t\t<section class=\"elementor-section elementor-top-section elementor-element elementor-element-51dce14 elementor-section-height-min-height elementor-section-content-middle elementor-section-boxed elementor-section-height-default elementor-section-items-middle\" data-id=\"51dce14\" data-element_type=\"section\">\n\t\t\t\t\t\t<div class=\"elementor-container elementor-column-gap-no\">\n\t\t\t\t\t<div class=\"elementor-column elementor-col-33 elementor-top-column elementor-element elementor-element-a779650 ot-flex-column-vertical\" data-id=\"a779650\" data-element_type=\"column\">\n\t\t\t<div class=\"elementor-widget-wrap elementor-element-populated\">\n\t\t\t\t\t\t\t\t<div class=\"elementor-element elementor-element-a8bf56b elementor-widget elementor-widget-text-editor\" data-id=\"a8bf56b\" data-element_type=\"widget\" data-widget_type=\"text-editor.default\">\n\t\t\t\t<div class=\"elementor-widget-container\">\n\t\t\t<style>\/*! elementor - v3.9.2 - 21-12-2022 *\/\n.elementor-widget-text-editor.elementor-drop-cap-view-stacked .elementor-drop-cap{background-color:#818a91;color:#fff}.elementor-widget-text-editor.elementor-drop-cap-view-framed .elementor-drop-cap{color:#818a91;border:3px solid;background-color:transparent}.elementor-widget-text-editor:not(.elementor-drop-cap-view-default) .elementor-drop-cap{margin-top:8px}.elementor-widget-text-editor:not(.elementor-drop-cap-view-default) .elementor-drop-cap-letter{width:1em;height:1em}.elementor-widget-text-editor .elementor-drop-cap{float:left;text-align:center;line-height:1;font-size:50px}.elementor-widget-text-editor .elementor-drop-cap-letter{display:inline-block}<\/style>\t\t\t\t<ul><li>Prise en charge des formalit\u00e9s ;<\/li><li><span style=\"font-style: inherit; font-weight: inherit;\"><span style=\"font-style: inherit; font-weight: inherit;\">Constitution de soci\u00e9t\u00e9 ;<\/span><\/span><\/li><li><span style=\"font-style: inherit; font-weight: inherit;\"><span style=\"font-style: inherit; font-weight: inherit;\">Dossier d&rsquo;investissement ;<\/span><\/span><\/li><li><span style=\"font-style: inherit; font-weight: inherit;\"><span style=\"font-style: inherit; font-weight: inherit;\">Autorisations administratives ;<\/span><\/span><\/li><li><span style=\"font-style: inherit; font-weight: inherit;\"><span style=\"font-style: inherit; font-weight: inherit;\">Exon\u00e9rations (tva, douane, imp\u00f4ts) ;Autorisations administratives ;<\/span><\/span><\/li><li><span style=\"font-style: inherit; font-weight: inherit;\"><span style=\"font-style: inherit; font-weight: inherit;\">Agr\u00e9ment au code des investissements ;<\/span><\/span><\/li><li><span style=\"font-style: inherit; font-weight: inherit;\"><span style=\"font-style: inherit; font-weight: inherit;\">Montages juridiques.<\/span><\/span><\/li><li><span style=\"font-style: inherit; font-weight: inherit;\"><span style=\"font-style: inherit; font-weight: inherit;\">R\u00e9daction et gestion de contrat ;<\/span><\/span><\/li><li><span style=\"font-style: inherit; font-weight: inherit;\"><span style=\"font-style: inherit; font-weight: inherit;\">Audit fiscal ;<\/span><\/span><\/li><li><span style=\"font-style: inherit; font-weight: inherit;\"><span style=\"font-style: inherit; font-weight: inherit;\">Conseil en v\u00e9rification fiscale ;<\/span><\/span><\/li><li><span style=\"font-style: inherit; font-weight: inherit;\"><span style=\"font-style: inherit; font-weight: inherit;\">Optimisation de patrimoine ;<\/span><\/span><\/li><li><span style=\"font-style: inherit; font-weight: inherit;\"><span style=\"font-style: inherit; font-weight: inherit;\">Transfert pricing ;<\/span><\/span><\/li><li><span style=\"font-style: inherit; font-weight: inherit;\"><span style=\"font-style: inherit; font-weight: inherit;\">Conseils juridiques et fiscaux &#8230;<\/span><\/span><\/li><li>\u00a0<\/li><\/ul>\t\t\t\t\t\t<\/div>\n\t\t\t\t<\/div>\n\t\t\t\t\t<\/div>\n\t\t<\/div>\n\t\t\t\t<div class=\"elementor-column elementor-col-33 elementor-top-column elementor-element elementor-element-c669a39 ot-flex-column-vertical\" data-id=\"c669a39\" data-element_type=\"column\">\n\t\t\t<div class=\"elementor-widget-wrap elementor-element-populated\">\n\t\t\t\t\t\t\t\t<div class=\"elementor-element elementor-element-ed6e950 elementor-widget__width-initial elementor-widget-tablet__width-initial elementor-widget-mobile__width-initial elementor-invisible elementor-widget elementor-widget-image\" data-id=\"ed6e950\" data-element_type=\"widget\" data-settings=\"{&quot;_animation&quot;:&quot;fadeInRight&quot;}\" data-widget_type=\"image.default\">\n\t\t\t\t<div class=\"elementor-widget-container\">\n\t\t\t<style>\/*! elementor - v3.9.2 - 21-12-2022 *\/\n.elementor-widget-image{text-align:center}.elementor-widget-image a{display:inline-block}.elementor-widget-image a img[src$=\".svg\"]{width:48px}.elementor-widget-image img{vertical-align:middle;display:inline-block}<\/style>\t\t\t\t\t\t\t\t\t\t\t\t<img loading=\"lazy\" decoding=\"async\" width=\"626\" height=\"417\" src=\"https:\/\/ecg-expertise.com\/wp-content\/uploads\/2022\/12\/juridique-fiscal.jpg\" class=\"attachment-full size-full wp-image-2353\" alt=\"\" srcset=\"https:\/\/ecg-expertise.com\/wp-content\/uploads\/2022\/12\/juridique-fiscal.jpg 626w, https:\/\/ecg-expertise.com\/wp-content\/uploads\/2022\/12\/juridique-fiscal-300x200.jpg 300w, https:\/\/ecg-expertise.com\/wp-content\/uploads\/2022\/12\/juridique-fiscal-600x400.jpg 600w\" sizes=\"auto, (max-width: 626px) 100vw, 626px\" \/>\t\t\t\t\t\t\t\t\t\t\t\t\t\t\t<\/div>\n\t\t\t\t<\/div>\n\t\t\t\t<div class=\"elementor-element elementor-element-385c3a2 elementor-widget__width-auto elementor-absolute animated-slow elementor-view-default elementor-invisible elementor-widget elementor-widget-icon\" data-id=\"385c3a2\" data-element_type=\"widget\" data-settings=\"{&quot;_position&quot;:&quot;absolute&quot;,&quot;_animation&quot;:&quot;fadeIn&quot;,&quot;_animation_delay&quot;:500,&quot;motion_fx_motion_fx_scrolling&quot;:&quot;yes&quot;,&quot;motion_fx_translateX_effect&quot;:&quot;yes&quot;,&quot;motion_fx_translateX_direction&quot;:&quot;negative&quot;,&quot;motion_fx_translateX_speed&quot;:{&quot;unit&quot;:&quot;px&quot;,&quot;size&quot;:2,&quot;sizes&quot;:[]},&quot;motion_fx_translateX_affectedRange&quot;:{&quot;unit&quot;:&quot;%&quot;,&quot;size&quot;:&quot;&quot;,&quot;sizes&quot;:{&quot;start&quot;:50,&quot;end&quot;:100}},&quot;motion_fx_devices&quot;:[&quot;desktop&quot;,&quot;tablet&quot;,&quot;mobile&quot;]}\" data-widget_type=\"icon.default\">\n\t\t\t\t<div class=\"elementor-widget-container\">\n\t\t\t\t\t<div class=\"elementor-icon-wrapper\">\n\t\t\t<div class=\"elementor-icon\">\n\t\t\t<svg xmlns=\"http:\/\/www.w3.org\/2000\/svg\" id=\"afb6f239-ddfa-4317-a8c2-6e12c8554240\" data-name=\"Layer 1\" width=\"165.953\" height=\"115.814\" viewBox=\"0 0 165.953 115.814\"><circle cx=\"1.5\" cy=\"1.5\" r=\"1.5\"><\/circle><circle cx=\"1.5\" cy=\"14.0352\" r=\"1.5\"><\/circle><circle cx=\"1.5\" cy=\"26.5684\" r=\"1.5\"><\/circle><circle cx=\"1.5\" cy=\"39.1035\" r=\"1.5\"><\/circle><circle cx=\"1.5\" cy=\"51.6406\" r=\"1.5\"><\/circle><circle cx=\"1.5\" cy=\"64.1758\" r=\"1.5\"><\/circle><circle cx=\"1.5\" cy=\"76.709\" r=\"1.5\"><\/circle><circle cx=\"1.5\" cy=\"89.2441\" r=\"1.5\"><\/circle><circle cx=\"1.5\" cy=\"101.779\" r=\"1.5\"><\/circle><circle cx=\"1.5\" cy=\"114.314\" r=\"1.5\"><\/circle><circle cx=\"14.0312\" cy=\"1.5\" r=\"1.5\"><\/circle><circle cx=\"14.0312\" cy=\"14.0352\" r=\"1.5\"><\/circle><circle cx=\"14.0312\" cy=\"26.5684\" r=\"1.5\"><\/circle><circle cx=\"14.0312\" cy=\"39.1035\" r=\"1.5\"><\/circle><circle cx=\"14.0312\" cy=\"51.6406\" r=\"1.5\"><\/circle><circle cx=\"14.0312\" cy=\"64.1758\" r=\"1.5\"><\/circle><circle cx=\"14.0312\" cy=\"76.709\" r=\"1.5\"><\/circle><circle cx=\"14.0312\" cy=\"89.2441\" r=\"1.5\"><\/circle><circle cx=\"14.0312\" cy=\"101.779\" r=\"1.5\"><\/circle><circle cx=\"14.0312\" cy=\"114.314\" r=\"1.5\"><\/circle><circle cx=\"26.5664\" cy=\"1.5\" r=\"1.5\"><\/circle><circle cx=\"26.5664\" cy=\"14.0352\" r=\"1.5\"><\/circle><circle cx=\"26.5664\" cy=\"26.5684\" r=\"1.5\"><\/circle><circle cx=\"26.5664\" cy=\"39.1035\" r=\"1.5\"><\/circle><circle cx=\"26.5664\" cy=\"51.6406\" r=\"1.5\"><\/circle><circle cx=\"26.5664\" cy=\"64.1758\" r=\"1.5\"><\/circle><circle cx=\"26.5664\" cy=\"76.709\" r=\"1.5\"><\/circle><circle cx=\"26.5664\" cy=\"89.2441\" r=\"1.5\"><\/circle><circle cx=\"26.5664\" cy=\"101.779\" r=\"1.5\"><\/circle><circle cx=\"26.5664\" cy=\"114.314\" r=\"1.5\"><\/circle><circle cx=\"39.1016\" cy=\"1.5\" r=\"1.5\"><\/circle><circle cx=\"39.1016\" cy=\"14.0352\" r=\"1.5\"><\/circle><circle cx=\"39.1016\" cy=\"26.5684\" r=\"1.5\"><\/circle><circle cx=\"39.1016\" cy=\"39.1035\" r=\"1.5\"><\/circle><circle cx=\"39.1016\" cy=\"51.6406\" r=\"1.5\"><\/circle><circle cx=\"39.1016\" cy=\"64.1758\" r=\"1.5\"><\/circle><circle cx=\"39.1016\" cy=\"76.709\" r=\"1.5\"><\/circle><circle cx=\"39.1016\" cy=\"89.2441\" r=\"1.5\"><\/circle><circle cx=\"39.1016\" cy=\"101.779\" r=\"1.5\"><\/circle><circle cx=\"39.1016\" cy=\"114.314\" r=\"1.5\"><\/circle><circle cx=\"51.6367\" cy=\"1.5\" r=\"1.5\"><\/circle><circle cx=\"51.6367\" cy=\"14.0352\" r=\"1.5\"><\/circle><circle cx=\"51.6367\" cy=\"26.5684\" r=\"1.5\"><\/circle><circle cx=\"51.6367\" cy=\"39.1035\" r=\"1.5\"><\/circle><circle cx=\"51.6367\" cy=\"51.6406\" r=\"1.5\"><\/circle><circle cx=\"51.6367\" cy=\"64.1758\" r=\"1.5\"><\/circle><circle cx=\"51.6367\" cy=\"76.709\" r=\"1.5\"><\/circle><circle cx=\"51.6367\" cy=\"89.2441\" r=\"1.5\"><\/circle><circle cx=\"51.6367\" cy=\"101.779\" r=\"1.5\"><\/circle><circle cx=\"51.6367\" cy=\"114.314\" r=\"1.5\"><\/circle><circle cx=\"64.1719\" cy=\"1.5\" r=\"1.5\"><\/circle><circle cx=\"64.1719\" cy=\"14.0352\" r=\"1.5\"><\/circle><circle cx=\"64.1719\" cy=\"26.5684\" r=\"1.5\"><\/circle><circle cx=\"64.1719\" cy=\"39.1035\" r=\"1.5\"><\/circle><circle cx=\"64.1719\" cy=\"51.6406\" r=\"1.5\"><\/circle><circle cx=\"64.1719\" cy=\"64.1758\" r=\"1.5\"><\/circle><circle cx=\"64.1719\" cy=\"76.709\" r=\"1.5\"><\/circle><circle cx=\"64.1719\" cy=\"89.2441\" r=\"1.5\"><\/circle><circle cx=\"64.1719\" cy=\"101.779\" r=\"1.5\"><\/circle><circle cx=\"64.1719\" cy=\"114.314\" r=\"1.5\"><\/circle><circle cx=\"76.707\" cy=\"1.5\" r=\"1.5\"><\/circle><circle cx=\"76.707\" cy=\"14.0352\" r=\"1.5\"><\/circle><circle cx=\"76.707\" cy=\"26.5684\" r=\"1.5\"><\/circle><circle cx=\"76.707\" cy=\"39.1035\" r=\"1.5\"><\/circle><circle cx=\"76.707\" cy=\"51.6406\" r=\"1.5\"><\/circle><circle cx=\"76.707\" cy=\"64.1758\" r=\"1.5\"><\/circle><circle cx=\"76.707\" cy=\"76.709\" r=\"1.5\"><\/circle><circle cx=\"76.707\" cy=\"89.2441\" r=\"1.5\"><\/circle><circle cx=\"76.707\" cy=\"101.779\" r=\"1.5\"><\/circle><circle cx=\"76.707\" cy=\"114.314\" r=\"1.5\"><\/circle><circle cx=\"89.2461\" cy=\"1.5\" r=\"1.5\"><\/circle><circle cx=\"89.2461\" cy=\"14.0352\" r=\"1.5\"><\/circle><circle cx=\"89.2461\" cy=\"26.5684\" r=\"1.5\"><\/circle><circle cx=\"89.2461\" cy=\"39.1035\" r=\"1.5\"><\/circle><circle cx=\"89.2461\" cy=\"51.6406\" r=\"1.5\"><\/circle><circle cx=\"89.2461\" cy=\"64.1758\" r=\"1.5\"><\/circle><circle cx=\"89.2461\" cy=\"76.709\" r=\"1.5\"><\/circle><circle cx=\"89.2461\" cy=\"89.2441\" r=\"1.5\"><\/circle><circle cx=\"89.2461\" cy=\"101.779\" r=\"1.5\"><\/circle><circle cx=\"89.2461\" cy=\"114.314\" r=\"1.5\"><\/circle><circle cx=\"101.777\" cy=\"1.5\" r=\"1.5\"><\/circle><circle cx=\"101.777\" cy=\"14.0352\" r=\"1.5\"><\/circle><circle cx=\"101.777\" cy=\"26.5684\" r=\"1.5\"><\/circle><circle cx=\"101.777\" cy=\"39.1035\" r=\"1.5\"><\/circle><circle cx=\"101.777\" cy=\"51.6406\" r=\"1.5\"><\/circle><circle cx=\"101.777\" cy=\"64.1758\" r=\"1.5\"><\/circle><circle cx=\"101.777\" cy=\"76.709\" r=\"1.5\"><\/circle><circle cx=\"101.777\" cy=\"89.2441\" r=\"1.5\"><\/circle><circle cx=\"101.777\" cy=\"101.779\" r=\"1.5\"><\/circle><circle cx=\"101.777\" cy=\"114.314\" r=\"1.5\"><\/circle><circle cx=\"114.312\" cy=\"1.5\" r=\"1.5\"><\/circle><circle cx=\"114.312\" cy=\"14.0352\" r=\"1.5\"><\/circle><circle cx=\"114.312\" cy=\"26.5684\" r=\"1.5\"><\/circle><circle cx=\"114.312\" cy=\"39.1035\" r=\"1.5\"><\/circle><circle cx=\"114.312\" cy=\"51.6406\" r=\"1.5\"><\/circle><circle cx=\"114.312\" cy=\"64.1758\" r=\"1.5\"><\/circle><circle cx=\"114.312\" cy=\"76.709\" r=\"1.5\"><\/circle><circle cx=\"114.312\" cy=\"89.2441\" r=\"1.5\"><\/circle><circle cx=\"114.312\" cy=\"101.779\" r=\"1.5\"><\/circle><circle cx=\"114.312\" cy=\"114.314\" r=\"1.5\"><\/circle><circle cx=\"126.848\" cy=\"1.5\" r=\"1.5\"><\/circle><circle cx=\"126.848\" cy=\"14.0352\" r=\"1.5\"><\/circle><circle cx=\"126.848\" cy=\"26.5684\" r=\"1.5\"><\/circle><circle cx=\"126.848\" cy=\"39.1035\" r=\"1.5\"><\/circle><circle cx=\"126.848\" cy=\"51.6406\" r=\"1.5\"><\/circle><circle cx=\"126.848\" cy=\"64.1758\" r=\"1.5\"><\/circle><circle cx=\"126.848\" cy=\"76.709\" r=\"1.5\"><\/circle><circle cx=\"126.848\" cy=\"89.2441\" r=\"1.5\"><\/circle><circle cx=\"126.848\" cy=\"101.779\" r=\"1.5\"><\/circle><circle cx=\"126.848\" cy=\"114.314\" r=\"1.5\"><\/circle><circle cx=\"139.383\" cy=\"1.5\" r=\"1.5\"><\/circle><circle cx=\"139.383\" cy=\"14.0352\" r=\"1.5\"><\/circle><circle cx=\"139.383\" cy=\"26.5684\" r=\"1.5\"><\/circle><circle cx=\"139.383\" cy=\"39.1035\" r=\"1.5\"><\/circle><circle cx=\"139.383\" cy=\"51.6406\" r=\"1.5\"><\/circle><circle cx=\"139.383\" cy=\"64.1758\" r=\"1.5\"><\/circle><circle cx=\"139.383\" cy=\"76.709\" r=\"1.5\"><\/circle><circle cx=\"139.383\" cy=\"89.2441\" r=\"1.5\"><\/circle><circle cx=\"139.383\" cy=\"101.779\" r=\"1.5\"><\/circle><circle cx=\"139.383\" cy=\"114.314\" r=\"1.5\"><\/circle><circle cx=\"151.918\" cy=\"1.5\" r=\"1.5\"><\/circle><circle cx=\"151.918\" cy=\"14.0352\" r=\"1.5\"><\/circle><circle cx=\"151.918\" cy=\"26.5684\" r=\"1.5\"><\/circle><circle cx=\"151.918\" cy=\"39.1035\" r=\"1.5\"><\/circle><circle cx=\"151.918\" cy=\"51.6406\" r=\"1.5\"><\/circle><circle cx=\"151.918\" cy=\"64.1758\" r=\"1.5\"><\/circle><circle cx=\"151.918\" cy=\"76.709\" r=\"1.5\"><\/circle><circle cx=\"151.918\" cy=\"89.2441\" r=\"1.5\"><\/circle><circle cx=\"151.918\" cy=\"101.779\" r=\"1.5\"><\/circle><circle cx=\"151.918\" cy=\"114.314\" r=\"1.5\"><\/circle><circle cx=\"164.453\" cy=\"1.5\" r=\"1.5\"><\/circle><circle cx=\"164.453\" cy=\"14.0352\" r=\"1.5\"><\/circle><circle cx=\"164.453\" cy=\"26.5684\" r=\"1.5\"><\/circle><circle cx=\"164.453\" cy=\"39.1035\" r=\"1.5\"><\/circle><circle cx=\"164.453\" cy=\"51.6406\" r=\"1.5\"><\/circle><circle cx=\"164.453\" cy=\"64.1758\" r=\"1.5\"><\/circle><circle cx=\"164.453\" cy=\"76.709\" r=\"1.5\"><\/circle><circle cx=\"164.453\" cy=\"89.2441\" r=\"1.5\"><\/circle><circle cx=\"164.453\" cy=\"101.779\" r=\"1.5\"><\/circle><circle cx=\"164.453\" cy=\"114.314\" r=\"1.5\"><\/circle><\/svg>\t\t\t<\/div>\n\t\t<\/div>\n\t\t\t\t<\/div>\n\t\t\t\t<\/div>\n\t\t\t\t\t<\/div>\n\t\t<\/div>\n\t\t\t\t<div class=\"elementor-column elementor-col-33 elementor-top-column elementor-element elementor-element-4630212 ot-flex-column-vertical\" data-id=\"4630212\" data-element_type=\"column\">\n\t\t\t<div class=\"elementor-widget-wrap elementor-element-populated\">\n\t\t\t\t\t\t\t\t<div class=\"elementor-element elementor-element-5754145 elementor-widget elementor-widget-text-editor\" data-id=\"5754145\" data-element_type=\"widget\" data-widget_type=\"text-editor.default\">\n\t\t\t\t<div class=\"elementor-widget-container\">\n\t\t\t\t\t\t\t<h3>Yoro Chim\u00e8re WADE\u200b<\/h3>\t\t\t\t\t\t<\/div>\n\t\t\t\t<\/div>\n\t\t\t\t<div class=\"elementor-element elementor-element-b8a11f5 elementor-widget elementor-widget-text-editor\" data-id=\"b8a11f5\" data-element_type=\"widget\" data-widget_type=\"text-editor.default\">\n\t\t\t\t<div class=\"elementor-widget-container\">\n\t\t\t\t\t\t\tChef De D\u00e9partement\u200b\t\t\t\t\t\t<\/div>\n\t\t\t\t<\/div>\n\t\t\t\t<section class=\"elementor-section elementor-inner-section elementor-element elementor-element-a74e389 elementor-section-boxed elementor-section-height-default elementor-section-height-default\" data-id=\"a74e389\" data-element_type=\"section\">\n\t\t\t\t\t\t<div class=\"elementor-container elementor-column-gap-default\">\n\t\t\t\t\t<div class=\"elementor-column elementor-col-50 elementor-inner-column elementor-element elementor-element-6ddb0ee ot-flex-column-vertical\" data-id=\"6ddb0ee\" data-element_type=\"column\">\n\t\t\t<div class=\"elementor-widget-wrap elementor-element-populated\">\n\t\t\t\t\t\t\t\t<div class=\"elementor-element elementor-element-70e5597 elementor-invisible elementor-widget elementor-widget-image\" data-id=\"70e5597\" data-element_type=\"widget\" data-settings=\"{&quot;_animation&quot;:&quot;fadeInUp&quot;}\" data-widget_type=\"image.default\">\n\t\t\t\t<div class=\"elementor-widget-container\">\n\t\t\t\t\t\t\t\t\t\t\t\t\t\t\t<img decoding=\"async\" src=\"https:\/\/ecg-expertise.com\/wp-content\/uploads\/elementor\/thumbs\/Capture-decran-2022-12-23-002829-pzs4ofhngmo5r79whdveicfofzx75ksk9kkcbe7ib8.jpg\" title=\"Capture d\u2019\u00e9cran 2022-12-23 002829\" alt=\"Capture d\u2019\u00e9cran 2022-12-23 002829\" \/>\t\t\t\t\t\t\t\t\t\t\t\t\t\t\t<\/div>\n\t\t\t\t<\/div>\n\t\t\t\t\t<\/div>\n\t\t<\/div>\n\t\t\t\t<div class=\"elementor-column elementor-col-50 elementor-inner-column elementor-element elementor-element-24771a7 ot-flex-column-vertical\" data-id=\"24771a7\" data-element_type=\"column\">\n\t\t\t<div class=\"elementor-widget-wrap elementor-element-populated\">\n\t\t\t\t\t\t\t\t<div class=\"elementor-element elementor-element-037f12a elementor-widget__width-initial elementor-widget-tablet__width-inherit elementor-widget elementor-widget-text-editor\" data-id=\"037f12a\" data-element_type=\"widget\" data-widget_type=\"text-editor.default\">\n\t\t\t\t<div class=\"elementor-widget-container\">\n\t\t\t\t\t\t\t<ul class=\"elementor-icon-list-items\"><li class=\"elementor-icon-list-item\"><span class=\"elementor-icon-list-text\"><strong>Exp\u00e9rience :<\/strong>15 ans, auteur de plusieurs ouvrages dans le domaine<\/span><\/li><li class=\"elementor-icon-list-item\">\u00a0<\/li><\/ul>\t\t\t\t\t\t<\/div>\n\t\t\t\t<\/div>\n\t\t\t\t\t<\/div>\n\t\t<\/div>\n\t\t\t\t\t\t\t<\/div>\n\t\t<\/section>\n\t\t\t\t<section class=\"elementor-section elementor-inner-section elementor-element elementor-element-d63c97e elementor-section-boxed elementor-section-height-default elementor-section-height-default\" data-id=\"d63c97e\" data-element_type=\"section\">\n\t\t\t\t\t\t<div class=\"elementor-container elementor-column-gap-default\">\n\t\t\t\t\t<div class=\"elementor-column elementor-col-50 elementor-inner-column elementor-element elementor-element-d7dd3c0 ot-flex-column-vertical\" data-id=\"d7dd3c0\" data-element_type=\"column\">\n\t\t\t<div class=\"elementor-widget-wrap elementor-element-populated\">\n\t\t\t\t\t\t\t\t<div class=\"elementor-element elementor-element-adc79b5 elementor-invisible elementor-widget elementor-widget-image\" data-id=\"adc79b5\" data-element_type=\"widget\" data-settings=\"{&quot;_animation&quot;:&quot;fadeInUp&quot;}\" data-widget_type=\"image.default\">\n\t\t\t\t<div class=\"elementor-widget-container\">\n\t\t\t\t\t\t\t\t\t\t\t\t\t\t\t<img decoding=\"async\" src=\"https:\/\/ecg-expertise.com\/wp-content\/uploads\/elementor\/thumbs\/Capture-decran-2022-12-23-002855-pzs4ofhngmo5r79whdveicfofzx75ksk9kkcbe7ib8.jpg\" title=\"Capture d\u2019\u00e9cran 2022-12-23 002855\" alt=\"Capture d\u2019\u00e9cran 2022-12-23 002855\" \/>\t\t\t\t\t\t\t\t\t\t\t\t\t\t\t<\/div>\n\t\t\t\t<\/div>\n\t\t\t\t\t<\/div>\n\t\t<\/div>\n\t\t\t\t<div class=\"elementor-column elementor-col-50 elementor-inner-column elementor-element elementor-element-48fd146 ot-flex-column-vertical\" data-id=\"48fd146\" data-element_type=\"column\">\n\t\t\t<div class=\"elementor-widget-wrap elementor-element-populated\">\n\t\t\t\t\t\t\t\t<div class=\"elementor-element elementor-element-10074de elementor-widget__width-initial elementor-widget-tablet__width-inherit elementor-widget elementor-widget-text-editor\" data-id=\"10074de\" data-element_type=\"widget\" data-widget_type=\"text-editor.default\">\n\t\t\t\t<div class=\"elementor-widget-container\">\n\t\t\t\t\t\t\t<p><b>Dipl\u00f4me<\/b> :Dipl\u00f4me sup\u00e9rieur de comptabilit\u00e9 et de fiscalit\u00e9<\/p>\t\t\t\t\t\t<\/div>\n\t\t\t\t<\/div>\n\t\t\t\t\t<\/div>\n\t\t<\/div>\n\t\t\t\t\t\t\t<\/div>\n\t\t<\/section>\n\t\t\t\t\t<\/div>\n\t\t<\/div>\n\t\t\t\t\t\t\t<\/div>\n\t\t<\/section>\n\t\t\t\t\t\t\t<\/div>\n\t\t","protected":false},"excerpt":{"rendered":"<p>Prise en charge des formalit\u00e9s ; Constitution de soci\u00e9t\u00e9 ; Dossier d&rsquo;investissement ; Autorisations administratives ; Exon\u00e9rations (tva, douane, imp\u00f4ts) ;Autorisations administratives ; Agr\u00e9ment au code des investissements ; Montages [&hellip;]<\/p>\n","protected":false},"author":1,"featured_media":0,"parent":0,"menu_order":0,"comment_status":"closed","ping_status":"closed","template":"","meta":{"footnotes":""},"class_list":["post-2763","page","type-page","status-publish","hentry"],"_links":{"self":[{"href":"https:\/\/ecg-expertise.com\/index.php?rest_route=\/wp\/v2\/pages\/2763","targetHints":{"allow":["GET"]}}],"collection":[{"href":"https:\/\/ecg-expertise.com\/index.php?rest_route=\/wp\/v2\/pages"}],"about":[{"href":"https:\/\/ecg-expertise.com\/index.php?rest_route=\/wp\/v2\/types\/page"}],"author":[{"embeddable":true,"href":"https:\/\/ecg-expertise.com\/index.php?rest_route=\/wp\/v2\/users\/1"}],"replies":[{"embeddable":true,"href":"https:\/\/ecg-expertise.com\/index.php?rest_route=%2Fwp%2Fv2%2Fcomments&post=2763"}],"version-history":[{"count":16,"href":"https:\/\/ecg-expertise.com\/index.php?rest_route=\/wp\/v2\/pages\/2763\/revisions"}],"predecessor-version":[{"id":3207,"href":"https:\/\/ecg-expertise.com\/index.php?rest_route=\/wp\/v2\/pages\/2763\/revisions\/3207"}],"wp:attachment":[{"href":"https:\/\/ecg-expertise.com\/index.php?rest_route=%2Fwp%2Fv2%2Fmedia&parent=2763"}],"curies":[{"name":"wp","href":"https:\/\/api.w.org\/{rel}","templated":true}]}}