{"id":529,"date":"2020-09-08T04:49:58","date_gmt":"2020-09-08T04:49:58","guid":{"rendered":"http:\/\/wpdemo.archiwp.com\/maxbizz\/?page_id=529"},"modified":"2022-12-23T02:58:09","modified_gmt":"2022-12-23T01:58:09","slug":"our-core-values","status":"publish","type":"page","link":"https:\/\/ecg-expertise.com\/?page_id=529","title":{"rendered":"A propos de ECG"},"content":{"rendered":"\t\t<div data-elementor-type=\"wp-page\" data-elementor-id=\"529\" class=\"elementor elementor-529\">\n\t\t\t\t\t\t\t\t\t<section class=\"elementor-section elementor-top-section elementor-element elementor-element-4885e95 elementor-section-content-middle elementor-section-boxed elementor-section-height-default elementor-section-height-default\" data-id=\"4885e95\" data-element_type=\"section\">\n\t\t\t\t\t\t<div class=\"elementor-container elementor-column-gap-extended\">\n\t\t\t\t\t<div class=\"elementor-column elementor-col-50 elementor-top-column elementor-element elementor-element-71aa6cd ot-flex-column-vertical\" data-id=\"71aa6cd\" data-element_type=\"column\">\n\t\t\t<div class=\"elementor-widget-wrap elementor-element-populated\">\n\t\t\t\t\t\t\t\t<div class=\"elementor-element elementor-element-a4aa013 elementor-widget elementor-widget-image\" data-id=\"a4aa013\" data-element_type=\"widget\" data-widget_type=\"image.default\">\n\t\t\t\t<div class=\"elementor-widget-container\">\n\t\t\t<style>\/*! elementor - v3.9.2 - 21-12-2022 *\/\n.elementor-widget-image{text-align:center}.elementor-widget-image a{display:inline-block}.elementor-widget-image a img[src$=\".svg\"]{width:48px}.elementor-widget-image img{vertical-align:middle;display:inline-block}<\/style>\t\t\t\t\t\t\t\t\t\t\t\t<img loading=\"lazy\" decoding=\"async\" width=\"2560\" height=\"1707\" src=\"https:\/\/ecg-expertise.com\/wp-content\/uploads\/2022\/12\/pexels-photo-265087-scaled.jpeg\" class=\"attachment-full size-full wp-image-2479\" alt=\"\" srcset=\"https:\/\/ecg-expertise.com\/wp-content\/uploads\/2022\/12\/pexels-photo-265087-scaled.jpeg 2560w, https:\/\/ecg-expertise.com\/wp-content\/uploads\/2022\/12\/pexels-photo-265087-300x200.jpeg 300w, https:\/\/ecg-expertise.com\/wp-content\/uploads\/2022\/12\/pexels-photo-265087-1024x683.jpeg 1024w, https:\/\/ecg-expertise.com\/wp-content\/uploads\/2022\/12\/pexels-photo-265087-768x512.jpeg 768w, https:\/\/ecg-expertise.com\/wp-content\/uploads\/2022\/12\/pexels-photo-265087-1536x1024.jpeg 1536w, https:\/\/ecg-expertise.com\/wp-content\/uploads\/2022\/12\/pexels-photo-265087-2048x1365.jpeg 2048w, https:\/\/ecg-expertise.com\/wp-content\/uploads\/2022\/12\/pexels-photo-265087-600x400.jpeg 600w\" sizes=\"auto, (max-width: 2560px) 100vw, 2560px\" \/>\t\t\t\t\t\t\t\t\t\t\t\t\t\t\t<\/div>\n\t\t\t\t<\/div>\n\t\t\t\t\t<\/div>\n\t\t<\/div>\n\t\t\t\t<div class=\"elementor-column elementor-col-50 elementor-top-column elementor-element elementor-element-200e47e ot-flex-column-vertical\" data-id=\"200e47e\" data-element_type=\"column\">\n\t\t\t<div class=\"elementor-widget-wrap elementor-element-populated\">\n\t\t\t\t\t\t\t\t<div class=\"elementor-element elementor-element-90ab762 elementor-widget elementor-widget-text-editor\" data-id=\"90ab762\" data-element_type=\"widget\" data-widget_type=\"text-editor.default\">\n\t\t\t\t<div class=\"elementor-widget-container\">\n\t\t\t<style>\/*! elementor - v3.9.2 - 21-12-2022 *\/\n.elementor-widget-text-editor.elementor-drop-cap-view-stacked .elementor-drop-cap{background-color:#818a91;color:#fff}.elementor-widget-text-editor.elementor-drop-cap-view-framed .elementor-drop-cap{color:#818a91;border:3px solid;background-color:transparent}.elementor-widget-text-editor:not(.elementor-drop-cap-view-default) .elementor-drop-cap{margin-top:8px}.elementor-widget-text-editor:not(.elementor-drop-cap-view-default) .elementor-drop-cap-letter{width:1em;height:1em}.elementor-widget-text-editor .elementor-drop-cap{float:left;text-align:center;line-height:1;font-size:50px}.elementor-widget-text-editor .elementor-drop-cap-letter{display:inline-block}<\/style>\t\t\t\t<p>Le cabinet\u00a0<strong>ECG S\u00e9n\u00e9gal<\/strong>\u00a0offre un large \u00e9ventail de services en mati\u00e8re d\u2019audit et de conseils aux organisations et met \u00e0 leur disposition une structure op\u00e9rationnelle compos\u00e9e de professionnels disposant d\u2019une solide exp\u00e9rience.<\/p><p>L\u2019\u00e9quipe dirigeante du cabinet est compos\u00e9e de professionnels dynamiques et rigoureux ayant en moyenne une exp\u00e9rience professionnelle de plus de dix (10) ans dans divers domaines de comp\u00e9tences et secteurs d\u2019activit\u00e9s.<\/p><p>Anim\u00e9es d\u2019une ambition de r\u00e9ussite collective, les ressources humaines sont en qu\u00eate permanente du travail bien fait et d\u2019opportunit\u00e9s pour le d\u00e9veloppement du Cabinet. A cet \u00e9gard, elles s\u2019impliquent et veillent\u00a0 scrupuleusement \u00e0 la bonne ex\u00e9cution des missions.<\/p>\t\t\t\t\t\t<\/div>\n\t\t\t\t<\/div>\n\t\t\t\t\t<\/div>\n\t\t<\/div>\n\t\t\t\t\t\t\t<\/div>\n\t\t<\/section>\n\t\t\t\t<section class=\"elementor-section elementor-top-section elementor-element elementor-element-0f844d1 elementor-section-content-bottom elementor-section-boxed elementor-section-height-default elementor-section-height-default\" data-id=\"0f844d1\" data-element_type=\"section\" data-settings=\"{&quot;background_background&quot;:&quot;classic&quot;}\">\n\t\t\t\t\t\t<div class=\"elementor-container elementor-column-gap-extended\">\n\t\t\t\t\t<div class=\"elementor-column elementor-col-50 elementor-top-column elementor-element elementor-element-fc8acf7 ot-flex-column-vertical\" data-id=\"fc8acf7\" data-element_type=\"column\">\n\t\t\t<div class=\"elementor-widget-wrap elementor-element-populated\">\n\t\t\t\t\t\t\t\t<div class=\"elementor-element elementor-element-f8ca7a4 elementor-widget elementor-widget-iheading\" data-id=\"f8ca7a4\" data-element_type=\"widget\" data-widget_type=\"iheading.default\">\n\t\t\t\t<div class=\"elementor-widget-container\">\n\t\t\t\t\t<div class=\"ot-heading\">\r\n\t        \t        <h3 class=\"main-head\">Face \u00e0 un environnement fortement concurrentiel,<\/h3>\t    <\/div>\r\n\t    \t\t<\/div>\n\t\t\t\t<\/div>\n\t\t\t\t<div class=\"elementor-element elementor-element-7483a2f elementor-widget elementor-widget-text-editor\" data-id=\"7483a2f\" data-element_type=\"widget\" data-widget_type=\"text-editor.default\">\n\t\t\t\t<div class=\"elementor-widget-container\">\n\t\t\t\t\t\t\t<p>\u00a0le Cabinet \u00a0s\u2019impose gr\u00e2ce \u00e0 une approche qualitative de sa relation client et du service fourni. Il place ainsi ses clients au c\u0153ur de ses pr\u00e9occupations et leur garantit les aspects suivants :<\/p>\t\t\t\t\t\t<\/div>\n\t\t\t\t<\/div>\n\t\t\t\t\t<\/div>\n\t\t<\/div>\n\t\t\t\t<div class=\"elementor-column elementor-col-50 elementor-top-column elementor-element elementor-element-21dc41a ot-flex-column-vertical\" data-id=\"21dc41a\" data-element_type=\"column\">\n\t\t\t<div class=\"elementor-widget-wrap elementor-element-populated\">\n\t\t\t\t\t\t\t\t<div class=\"elementor-element elementor-element-44c50b4 elementor-widget elementor-widget-iprogress\" data-id=\"44c50b4\" data-element_type=\"widget\" data-widget_type=\"iprogress.default\">\n\t\t\t\t<div class=\"elementor-widget-container\">\n\t\t\t\r\n\t\t\t\t<div class=\"line-progress\" data-percent=\"100\">\r\n\t        <h6>une \u00e9coute attentive au quotidien ;<\/h6>\t\t\t\r\n\t        <div class=\"iprogress\">\r\n\t\t\t\t<div class=\"progress-bar\">\r\n\t\t\t\t\t<span class=\"percent\"><\/span>\t\t\t\t<\/div>\r\n\t\t\t<\/div>\r\n\t    <\/div>\r\n\t\t\t\t<\/div>\n\t\t\t\t<\/div>\n\t\t\t\t<div class=\"elementor-element elementor-element-2e74ed0 elementor-widget elementor-widget-iprogress\" data-id=\"2e74ed0\" data-element_type=\"widget\" data-widget_type=\"iprogress.default\">\n\t\t\t\t<div class=\"elementor-widget-container\">\n\t\t\t\r\n\t\t\t\t<div class=\"line-progress\" data-percent=\"100\">\r\n\t        <h6>une expertise technique sans cesse r\u00e9actualis\u00e9e ;\n<\/h6>\t\t\t\r\n\t        <div class=\"iprogress\">\r\n\t\t\t\t<div class=\"progress-bar\">\r\n\t\t\t\t\t<span class=\"percent\"><\/span>\t\t\t\t<\/div>\r\n\t\t\t<\/div>\r\n\t    <\/div>\r\n\t\t\t\t<\/div>\n\t\t\t\t<\/div>\n\t\t\t\t<div class=\"elementor-element elementor-element-83854ff elementor-widget elementor-widget-iprogress\" data-id=\"83854ff\" data-element_type=\"widget\" data-widget_type=\"iprogress.default\">\n\t\t\t\t<div class=\"elementor-widget-container\">\n\t\t\t\r\n\t\t\t\t<div class=\"line-progress\" data-percent=\"100\">\r\n\t        <h6>une forte r\u00e9activit\u00e9.\n<\/h6>\t\t\t\r\n\t        <div class=\"iprogress\">\r\n\t\t\t\t<div class=\"progress-bar\">\r\n\t\t\t\t\t<span class=\"percent\"><\/span>\t\t\t\t<\/div>\r\n\t\t\t<\/div>\r\n\t    <\/div>\r\n\t\t\t\t<\/div>\n\t\t\t\t<\/div>\n\t\t\t\t\t<\/div>\n\t\t<\/div>\n\t\t\t\t\t\t\t<\/div>\n\t\t<\/section>\n\t\t\t\t<section class=\"elementor-section elementor-top-section elementor-element elementor-element-076fd4b elementor-section-boxed elementor-section-height-default elementor-section-height-default\" data-id=\"076fd4b\" data-element_type=\"section\" data-settings=\"{&quot;background_background&quot;:&quot;classic&quot;}\">\n\t\t\t\t\t\t<div class=\"elementor-container elementor-column-gap-default\">\n\t\t\t\t\t<div class=\"elementor-column elementor-col-100 elementor-top-column elementor-element elementor-element-87682dc ot-flex-column-vertical\" data-id=\"87682dc\" data-element_type=\"column\">\n\t\t\t<div class=\"elementor-widget-wrap elementor-element-populated\">\n\t\t\t\t\t\t\t\t<section class=\"elementor-section elementor-inner-section elementor-element elementor-element-512e7f1 elementor-section-full_width elementor-section-height-default elementor-section-height-default\" data-id=\"512e7f1\" data-element_type=\"section\">\n\t\t\t\t\t\t<div class=\"elementor-container elementor-column-gap-default\">\n\t\t\t\t\t<div class=\"elementor-column elementor-col-100 elementor-inner-column elementor-element elementor-element-0b4ba37 ot-flex-column-vertical\" data-id=\"0b4ba37\" data-element_type=\"column\">\n\t\t\t<div class=\"elementor-widget-wrap elementor-element-populated\">\n\t\t\t\t\t\t\t\t<div class=\"elementor-element elementor-element-20a92cd elementor-widget elementor-widget-itabtitle\" data-id=\"20a92cd\" data-element_type=\"widget\" data-widget_type=\"itabtitle.default\">\n\t\t\t\t<div class=\"elementor-widget-container\">\n\t\t\t\r\n\t\t<div class=\"tab-titles\">\r\n\t\t\t\t\t\t<div class=\"title-item font-second\">\r\n\t\t\t\t<a href=\"#our-philo\">Nos valeurs\n<\/a>\r\n\t\t\t<\/div>\r\n\t\t\t\t\t\t<div class=\"title-item font-second\">\r\n\t\t\t\t<a href=\"#our-mission\">Notre d\u00e9marche g\u00e9n\u00e9rale\n<\/a>\r\n\t\t\t<\/div>\r\n\t\t\t\t\t\t<div class=\"title-item font-second\">\r\n\t\t\t\t<a href=\"#our-vision\">Notre politique\n<\/a>\r\n\t\t\t<\/div>\r\n\t\t\t\t\t<\/div>\r\n\r\n\t    \t\t<\/div>\n\t\t\t\t<\/div>\n\t\t\t\t\t<\/div>\n\t\t<\/div>\n\t\t\t\t\t\t\t<\/div>\n\t\t<\/section>\n\t\t\t\t\t<\/div>\n\t\t<\/div>\n\t\t\t\t\t\t\t<\/div>\n\t\t<\/section>\n\t\t\t\t<section class=\"elementor-section elementor-top-section elementor-element elementor-element-25cec1f elementor-section-content-middle content-tab elementor-section-boxed elementor-section-height-default elementor-section-height-default\" data-id=\"25cec1f\" data-element_type=\"section\" id=\"our-philo\">\n\t\t\t\t\t\t<div class=\"elementor-container elementor-column-gap-extended\">\n\t\t\t\t\t<div class=\"elementor-column elementor-col-50 elementor-top-column elementor-element elementor-element-69079ef ot-flex-column-vertical\" data-id=\"69079ef\" data-element_type=\"column\">\n\t\t\t<div class=\"elementor-widget-wrap elementor-element-populated\">\n\t\t\t\t\t\t\t\t<div class=\"elementor-element elementor-element-e1703a9 elementor-widget elementor-widget-image\" data-id=\"e1703a9\" data-element_type=\"widget\" data-widget_type=\"image.default\">\n\t\t\t\t<div class=\"elementor-widget-container\">\n\t\t\t\t\t\t\t\t\t\t\t\t\t\t\t<img loading=\"lazy\" decoding=\"async\" width=\"2048\" height=\"1366\" src=\"https:\/\/ecg-expertise.com\/wp-content\/uploads\/2022\/12\/executive-assistant-virtuel-1-scaled-1-2048x1366-1.jpg\" class=\"attachment-full size-full wp-image-2351\" alt=\"\" srcset=\"https:\/\/ecg-expertise.com\/wp-content\/uploads\/2022\/12\/executive-assistant-virtuel-1-scaled-1-2048x1366-1.jpg 2048w, https:\/\/ecg-expertise.com\/wp-content\/uploads\/2022\/12\/executive-assistant-virtuel-1-scaled-1-2048x1366-1-300x200.jpg 300w, https:\/\/ecg-expertise.com\/wp-content\/uploads\/2022\/12\/executive-assistant-virtuel-1-scaled-1-2048x1366-1-1024x683.jpg 1024w, https:\/\/ecg-expertise.com\/wp-content\/uploads\/2022\/12\/executive-assistant-virtuel-1-scaled-1-2048x1366-1-768x512.jpg 768w, https:\/\/ecg-expertise.com\/wp-content\/uploads\/2022\/12\/executive-assistant-virtuel-1-scaled-1-2048x1366-1-1536x1025.jpg 1536w, https:\/\/ecg-expertise.com\/wp-content\/uploads\/2022\/12\/executive-assistant-virtuel-1-scaled-1-2048x1366-1-600x400.jpg 600w\" sizes=\"auto, (max-width: 2048px) 100vw, 2048px\" \/>\t\t\t\t\t\t\t\t\t\t\t\t\t\t\t<\/div>\n\t\t\t\t<\/div>\n\t\t\t\t\t<\/div>\n\t\t<\/div>\n\t\t\t\t<div class=\"elementor-column elementor-col-50 elementor-top-column elementor-element elementor-element-c7f2f31 ot-flex-column-vertical\" data-id=\"c7f2f31\" data-element_type=\"column\">\n\t\t\t<div class=\"elementor-widget-wrap elementor-element-populated\">\n\t\t\t\t\t\t\t\t<div class=\"elementor-element elementor-element-797598f elementor-widget elementor-widget-heading\" data-id=\"797598f\" data-element_type=\"widget\" data-widget_type=\"heading.default\">\n\t\t\t\t<div class=\"elementor-widget-container\">\n\t\t\t<style>\/*! elementor - v3.9.2 - 21-12-2022 *\/\n.elementor-heading-title{padding:0;margin:0;line-height:1}.elementor-widget-heading .elementor-heading-title[class*=elementor-size-]>a{color:inherit;font-size:inherit;line-height:inherit}.elementor-widget-heading .elementor-heading-title.elementor-size-small{font-size:15px}.elementor-widget-heading .elementor-heading-title.elementor-size-medium{font-size:19px}.elementor-widget-heading .elementor-heading-title.elementor-size-large{font-size:29px}.elementor-widget-heading .elementor-heading-title.elementor-size-xl{font-size:39px}.elementor-widget-heading .elementor-heading-title.elementor-size-xxl{font-size:59px}<\/style><h4 class=\"elementor-heading-title elementor-size-default\">NOS VALEURS<\/h4>\t\t<\/div>\n\t\t\t\t<\/div>\n\t\t\t\t<div class=\"elementor-element elementor-element-06391c3 elementor-widget elementor-widget-text-editor\" data-id=\"06391c3\" data-element_type=\"widget\" data-widget_type=\"text-editor.default\">\n\t\t\t\t<div class=\"elementor-widget-container\">\n\t\t\t\t\t\t\t<ul class=\"elementor-icon-list-items\"><li class=\"elementor-icon-list-item\"><span class=\"elementor-icon-list-text\">Excellence<\/span><\/li><li class=\"elementor-icon-list-item\"><span class=\"elementor-icon-list-text\">Rigueur et transparence<\/span><\/li><li class=\"elementor-icon-list-item\"><span class=\"elementor-icon-list-text\">Professionnalisme<\/span><\/li><li class=\"elementor-icon-list-item\"><span class=\"elementor-icon-list-text\">Int\u00e9grit\u00e9<\/span><\/li><li class=\"elementor-icon-list-item\"><span class=\"elementor-icon-list-text\">Innovation<\/span><\/li><li class=\"elementor-icon-list-item\"><span class=\"elementor-icon-list-text\">Qualit\u00e9 de services<\/span><\/li><li class=\"elementor-icon-list-item\"><span class=\"elementor-icon-list-text\">Disponibilit\u00e9<\/span><\/li><li class=\"elementor-icon-list-item\"><span class=\"elementor-icon-list-text\">Confidentialit\u00e9<\/span><\/li><\/ul>\t\t\t\t\t\t<\/div>\n\t\t\t\t<\/div>\n\t\t\t\t\t<\/div>\n\t\t<\/div>\n\t\t\t\t\t\t\t<\/div>\n\t\t<\/section>\n\t\t\t\t<section class=\"elementor-section elementor-top-section elementor-element elementor-element-3076906 elementor-section-content-middle content-tab elementor-section-boxed elementor-section-height-default elementor-section-height-default\" data-id=\"3076906\" data-element_type=\"section\" id=\"our-mission\">\n\t\t\t\t\t\t<div class=\"elementor-container elementor-column-gap-extended\">\n\t\t\t\t\t<div class=\"elementor-column elementor-col-50 elementor-top-column elementor-element elementor-element-d0c38ef ot-flex-column-vertical\" data-id=\"d0c38ef\" data-element_type=\"column\">\n\t\t\t<div class=\"elementor-widget-wrap elementor-element-populated\">\n\t\t\t\t\t\t\t\t<div class=\"elementor-element elementor-element-0a21f5d elementor-widget elementor-widget-image\" data-id=\"0a21f5d\" data-element_type=\"widget\" data-widget_type=\"image.default\">\n\t\t\t\t<div class=\"elementor-widget-container\">\n\t\t\t\t\t\t\t\t\t\t\t\t\t\t\t<img loading=\"lazy\" decoding=\"async\" width=\"626\" height=\"417\" src=\"https:\/\/ecg-expertise.com\/wp-content\/uploads\/2022\/12\/juridique-fiscal.jpg\" class=\"attachment-full size-full wp-image-2353\" alt=\"\" srcset=\"https:\/\/ecg-expertise.com\/wp-content\/uploads\/2022\/12\/juridique-fiscal.jpg 626w, https:\/\/ecg-expertise.com\/wp-content\/uploads\/2022\/12\/juridique-fiscal-300x200.jpg 300w, https:\/\/ecg-expertise.com\/wp-content\/uploads\/2022\/12\/juridique-fiscal-600x400.jpg 600w\" sizes=\"auto, (max-width: 626px) 100vw, 626px\" \/>\t\t\t\t\t\t\t\t\t\t\t\t\t\t\t<\/div>\n\t\t\t\t<\/div>\n\t\t\t\t\t<\/div>\n\t\t<\/div>\n\t\t\t\t<div class=\"elementor-column elementor-col-50 elementor-top-column elementor-element elementor-element-4554b13 ot-flex-column-vertical\" data-id=\"4554b13\" data-element_type=\"column\">\n\t\t\t<div class=\"elementor-widget-wrap elementor-element-populated\">\n\t\t\t\t\t\t\t\t<div class=\"elementor-element elementor-element-ebcd194 elementor-widget elementor-widget-heading\" data-id=\"ebcd194\" data-element_type=\"widget\" data-widget_type=\"heading.default\">\n\t\t\t\t<div class=\"elementor-widget-container\">\n\t\t\t<h4 class=\"elementor-heading-title elementor-size-default\">Notre d\u00e9marche g\u00e9n\u00e9rale\n<\/h4>\t\t<\/div>\n\t\t\t\t<\/div>\n\t\t\t\t<div class=\"elementor-element elementor-element-0ef6c14 elementor-widget elementor-widget-text-editor\" data-id=\"0ef6c14\" data-element_type=\"widget\" data-widget_type=\"text-editor.default\">\n\t\t\t\t<div class=\"elementor-widget-container\">\n\t\t\t\t\t\t\t<div class=\"elementor-element elementor-element-8a21589 elementor-widget elementor-widget-text-editor\" data-id=\"8a21589\" data-element_type=\"widget\" data-widget_type=\"text-editor.default\"><div class=\"elementor-widget-container\"><div class=\"elementor-text-editor elementor-clearfix\"><p>Selon la nature de la mission, notre prestation se d\u00e9cline en un certain nombre de phases, dont la dur\u00e9e est plus ou moins variable. C\u2019est une d\u00e9marche professionnelle et cibl\u00e9e qui prend en compte chaque contexte dans toutes ses dimensions pour vous apporter de la valeur. Elle va\u00a0:<\/p><\/div><\/div><\/div><div class=\"elementor-element elementor-element-e663994 elementor-icon-list--layout-traditional elementor-list-item-link-full_width elementor-widget elementor-widget-icon-list\" data-id=\"e663994\" data-element_type=\"widget\" data-widget_type=\"icon-list.default\"><div class=\"elementor-widget-container\"><ul><li><span class=\"elementor-icon-list-text\">de l\u2019analyse du probl\u00e8me ;<\/span><\/li><li><span class=\"elementor-icon-list-text\">\u00e0 la construction des solutions ;<\/span><\/li><li><span class=\"elementor-icon-list-text\">\u00e0 leur mise en \u0153uvre op\u00e9rationnelle ;<\/span><\/li><\/ul><\/div><\/div><div class=\"elementor-element elementor-element-94a9a9a elementor-widget elementor-widget-text-editor\" data-id=\"94a9a9a\" data-element_type=\"widget\" data-widget_type=\"text-editor.default\"><div class=\"elementor-widget-container\"><div class=\"elementor-text-editor elementor-clearfix\"><p>et \u00e0 la mesure des r\u00e9sultats atteints<\/p><\/div><\/div><\/div>\t\t\t\t\t\t<\/div>\n\t\t\t\t<\/div>\n\t\t\t\t\t<\/div>\n\t\t<\/div>\n\t\t\t\t\t\t\t<\/div>\n\t\t<\/section>\n\t\t\t\t<section class=\"elementor-section elementor-top-section elementor-element elementor-element-dd17773 elementor-section-content-middle content-tab elementor-section-boxed elementor-section-height-default elementor-section-height-default\" data-id=\"dd17773\" data-element_type=\"section\" id=\"our-vision\">\n\t\t\t\t\t\t<div class=\"elementor-container elementor-column-gap-extended\">\n\t\t\t\t\t<div class=\"elementor-column elementor-col-50 elementor-top-column elementor-element elementor-element-49ce3f7 ot-flex-column-vertical\" data-id=\"49ce3f7\" data-element_type=\"column\">\n\t\t\t<div class=\"elementor-widget-wrap elementor-element-populated\">\n\t\t\t\t\t\t\t\t<div class=\"elementor-element elementor-element-fc1c0ad elementor-widget elementor-widget-image\" data-id=\"fc1c0ad\" data-element_type=\"widget\" data-widget_type=\"image.default\">\n\t\t\t\t<div class=\"elementor-widget-container\">\n\t\t\t\t\t\t\t\t\t\t\t\t\t\t\t<img loading=\"lazy\" decoding=\"async\" width=\"2048\" height=\"1365\" src=\"https:\/\/ecg-expertise.com\/wp-content\/uploads\/2022\/12\/2847446.jpg\" class=\"attachment-full size-full wp-image-2350\" alt=\"\" srcset=\"https:\/\/ecg-expertise.com\/wp-content\/uploads\/2022\/12\/2847446.jpg 2048w, https:\/\/ecg-expertise.com\/wp-content\/uploads\/2022\/12\/2847446-300x200.jpg 300w, https:\/\/ecg-expertise.com\/wp-content\/uploads\/2022\/12\/2847446-1024x683.jpg 1024w, https:\/\/ecg-expertise.com\/wp-content\/uploads\/2022\/12\/2847446-768x512.jpg 768w, https:\/\/ecg-expertise.com\/wp-content\/uploads\/2022\/12\/2847446-1536x1024.jpg 1536w, https:\/\/ecg-expertise.com\/wp-content\/uploads\/2022\/12\/2847446-600x400.jpg 600w\" sizes=\"auto, (max-width: 2048px) 100vw, 2048px\" \/>\t\t\t\t\t\t\t\t\t\t\t\t\t\t\t<\/div>\n\t\t\t\t<\/div>\n\t\t\t\t\t<\/div>\n\t\t<\/div>\n\t\t\t\t<div class=\"elementor-column elementor-col-50 elementor-top-column elementor-element elementor-element-cd3eacf ot-flex-column-vertical\" data-id=\"cd3eacf\" data-element_type=\"column\">\n\t\t\t<div class=\"elementor-widget-wrap elementor-element-populated\">\n\t\t\t\t\t\t\t\t<div class=\"elementor-element elementor-element-42d9c0e elementor-widget elementor-widget-heading\" data-id=\"42d9c0e\" data-element_type=\"widget\" data-widget_type=\"heading.default\">\n\t\t\t\t<div class=\"elementor-widget-container\">\n\t\t\t<h4 class=\"elementor-heading-title elementor-size-default\">Notre politique\n<\/h4>\t\t<\/div>\n\t\t\t\t<\/div>\n\t\t\t\t<div class=\"elementor-element elementor-element-2922134 elementor-widget elementor-widget-text-editor\" data-id=\"2922134\" data-element_type=\"widget\" data-widget_type=\"text-editor.default\">\n\t\t\t\t<div class=\"elementor-widget-container\">\n\t\t\t\t\t\t\t<div class=\"elementor-element elementor-element-ecdb319 elementor-widget elementor-widget-text-editor\" data-id=\"ecdb319\" data-element_type=\"widget\" data-widget_type=\"text-editor.default\">\n<div class=\"elementor-widget-container\">\n<div class=\"elementor-text-editor elementor-clearfix\">\n<p>Elle consiste :<\/p>\n<\/div>\n<\/div>\n<\/div>\n<div class=\"elementor-element elementor-element-987d57d elementor-icon-list--layout-traditional elementor-list-item-link-full_width elementor-widget elementor-widget-icon-list\" data-id=\"987d57d\" data-element_type=\"widget\" data-widget_type=\"icon-list.default\">\n<div class=\"elementor-widget-container\">\n<ul>\n<li><i class=\"fas fa-chevron-circle-right\" aria-hidden=\"true\"><\/i><span class=\"elementor-icon-list-text\">\u00e0 vous assurer le concours de collaborateurs comp\u00e9tents par leur formation initiale et leur exp\u00e9rience, dont nous assurons ou suivons la formation permanente; (et d&rsquo;un carnet de contacts professionnels: juristes, fiscalistes financiers, experts immobiliers; assureurs; etc. pour r\u00e9pondre \u00e0 vos demandes plus sp\u00e9cifiques) ;<\/span><\/li>\n<li><i class=\"fas fa-chevron-circle-right\" aria-hidden=\"true\"><\/i>\u00e0 vous assurer de leur disponibilit\u00e9 ;<\/li>\n<li><i class=\"fas fa-chevron-circle-right\" aria-hidden=\"true\"><\/i><span class=\"elementor-icon-list-text\">\u00e0 vous d\u00e9gager au mieux des contraintes administratives, par le suivi constant de votre dossier et de vos obligations.<\/span><\/li>\n<\/ul>\n<\/div>\n<\/div>\t\t\t\t\t\t<\/div>\n\t\t\t\t<\/div>\n\t\t\t\t\t<\/div>\n\t\t<\/div>\n\t\t\t\t\t\t\t<\/div>\n\t\t<\/section>\n\t\t\t\t\t\t\t<\/div>\n\t\t","protected":false},"excerpt":{"rendered":"<p>Le cabinet\u00a0ECG S\u00e9n\u00e9gal\u00a0offre un large \u00e9ventail de services en mati\u00e8re d\u2019audit et de conseils aux organisations et met \u00e0 leur disposition une structure op\u00e9rationnelle compos\u00e9e de professionnels disposant d\u2019une solide [&hellip;]<\/p>\n","protected":false},"author":1,"featured_media":0,"parent":0,"menu_order":0,"comment_status":"closed","ping_status":"closed","template":"","meta":{"footnotes":""},"class_list":["post-529","page","type-page","status-publish","hentry"],"_links":{"self":[{"href":"https:\/\/ecg-expertise.com\/index.php?rest_route=\/wp\/v2\/pages\/529","targetHints":{"allow":["GET"]}}],"collection":[{"href":"https:\/\/ecg-expertise.com\/index.php?rest_route=\/wp\/v2\/pages"}],"about":[{"href":"https:\/\/ecg-expertise.com\/index.php?rest_route=\/wp\/v2\/types\/page"}],"author":[{"embeddable":true,"href":"https:\/\/ecg-expertise.com\/index.php?rest_route=\/wp\/v2\/users\/1"}],"replies":[{"embeddable":true,"href":"https:\/\/ecg-expertise.com\/index.php?rest_route=%2Fwp%2Fv2%2Fcomments&post=529"}],"version-history":[{"count":83,"href":"https:\/\/ecg-expertise.com\/index.php?rest_route=\/wp\/v2\/pages\/529\/revisions"}],"predecessor-version":[{"id":2946,"href":"https:\/\/ecg-expertise.com\/index.php?rest_route=\/wp\/v2\/pages\/529\/revisions\/2946"}],"wp:attachment":[{"href":"https:\/\/ecg-expertise.com\/index.php?rest_route=%2Fwp%2Fv2%2Fmedia&parent=529"}],"curies":[{"name":"wp","href":"https:\/\/api.w.org\/{rel}","templated":true}]}}